{"id":1679,"date":"2021-09-20T15:29:17","date_gmt":"2021-09-20T15:29:17","guid":{"rendered":"https:\/\/gpcg.pt\/icgi2021\/?page_id=1679"},"modified":"2021-11-16T10:02:31","modified_gmt":"2021-11-16T10:02:31","slug":"program","status":"publish","type":"page","link":"https:\/\/gpcg.pt\/icgi2021\/program\/","title":{"rendered":"Program"},"content":{"rendered":"\n<p><\/p>\n\n\n\n<h2 class=\"wp-block-heading\">Overview<\/h2>\n\n\n\n<p>(<a href=\"#detailed\" data-type=\"internal\" data-id=\"#detailed\">see detailed version below<\/a>)<\/p>\n\n\n\n<h3 class=\"wp-block-heading\">All sessions take place at Room B 032 &#8211; FEUP.<\/h3>\n\n\n\n<div style=\"height:34px\" aria-hidden=\"true\" class=\"wp-block-spacer\"><\/div>\n\n\n\n<h3 class=\"wp-block-heading\">Proceedings can be found below:<\/h3>\n\n\n\n<ul><li><a href=\"https:\/\/s.up.pt\/1gp7\">ICGI 2021 Proceedings (participants only)<\/a><\/li><\/ul>\n\n\n\n<h3 class=\"wp-block-heading\">Vote below for:<\/h3>\n\n\n\n<ul><li><a href=\"https:\/\/docs.google.com\/forms\/d\/e\/1FAIpQLSd67MPIY3bV5A5k5hKJLHPRQPobaLZwXEP9wQjPE-Y_QmebzQ\/viewform\">Best Presentation<\/a><\/li><\/ul>\n\n\n\n<ul><li><a href=\"https:\/\/docs.google.com\/forms\/d\/e\/1FAIpQLSf5HRbFtxMeKh0zfYdR4iD8cmx2EY_K_itffsLM6mIdOX5jCg\/viewform\">Best Poster<\/a><\/li><\/ul>\n\n\n\n<p>(one vote per person; <meta http-equiv=\"content-type\" content=\"text\/html; charset=utf-8\">your answers are still anonymous, but voting requires a Google account so that you can change your vote later on if you reconsider your choice)<\/p>\n\n\n\n<style>\n* {\n  font-family: \"Open Sans\", Helvetica, Arial, sans-serif; \/* Change your font family *\/\n}\n\n.content-table {\n  border-collapse: collapse;\n  margin: 25px 0;\n  font-size: 0.8em;\n  min-width: 200px;\n  border-radius: 5px 5px 0 0;\n  overflow: hidden;\n  box-shadow: 0 0 20px rgba(0, 0, 0, 0.15);\n  border: 3px solid #ffffff;\n}\n\n.content-table thead tr {\n  background-image: linear-gradient(to right, rgba(239,23,95,1), rgba(139,25,138,1) );\n  color: #ffffff;\n  text-align: left;\n  font-weight: bold;\n  border: 3px solid #ffffff;\n \n}\n\n\n.content-table td {\n  padding: 7px 15px;\nborder-radius: 2px;\n\nborder: 1px solid rgba(255,255,255,0.3);\n}\n\n.content-table th {\n  padding: 6px 15px;\n   text-align: center;\n  \n}\n\n.content-table tbody tr {\n  border: 0px solid rgba(255,255,255,0.5);\n\n}\n\n.content-table tbody tr:last-of-type {\n  border-bottom: 1px solid rgba(239,23,95,1);\n}\n\n.content-table tbody tr.active-row {\n  font-weight: bold;\n  color: #009879;\n}\n\n.break{  background-color: rgba(100,100,100,0.2) \/*rgba(139,25,138,0.5)*\/ ; color: black; }\n.invited {  font-weight: bold;  background-color: rgba(185,24,118,1);  color: white; }\n.short, .long, .journal {  background-color: white; }\n.other {   font-weight: bold; background-color: rgba(185,24,118,0.7); color: white; }\n.session {   font-weight: bold; color: white;  background-color: rgba(140,25,138,0.8) ; }\n.meeting  {   font-weight: bold; background-color: rgba(140,25,138,0.5);  color: white; }\n\n.content-table a, .content-table a:hover, .content-table a:visited \n{color: #FFF; }\n\/*.invited a, .invited a:hover, .invited a:visited {color: #FBB; }*\/\n\n.talktitle {font-weight: normal;}\n\n<\/style>\n\n\n\n<div class=\"wp-block-columns is-layout-flex wp-container-3\">\n<div class=\"wp-block-column is-layout-flow\">\n<table class=\"content-table\"><thead><tr><th colspan=\"2\">Thursday, November 4th 2021<\/th><\/tr><\/thead><tbody>\n            <tr class=\"break\" style=\"height: 30px;\"><td>09:00<\/td><td>Reception <\/td><\/tr>\n            <tr class=\"other\" style=\"height: 15px;\"><td>09:30<\/td><td>Opening Session <\/td><\/tr>\n            <tr class=\"session\" style=\"height: 80px;\"><td>09:45<\/td><td><a href=\"#session1\">Session 1: Education<\/a><\/td><\/tr>\n            <tr class=\"break\" style=\"height: 30px;\"><td>11:10<\/td><td>Coffee Break <\/td><\/tr>\n            <tr class=\"session\" style=\"height: 85px;\"><td>11:35<\/td><td><a href=\"#session1\">Session 2: VR\/AR<\/a><\/td><\/tr>\n            <tr class=\"break\" style=\"height: 90px;\"><td>13:00<\/td><td>Lunch break <\/td><\/tr>\n            <tr class=\"other\" style=\"height: 30px;\"><td>14:30<\/td><td>Jos\u00e9 Lu\u00eds Encarna\u00e7\u00e3o Award <\/td><\/tr>\n            <tr class=\"invited\" style=\"height: 60px;\"><td>15:00<\/td><td><a href=\"..\/keynote-speakers#plopes\">Keynote: Pedro Lopes <br> <span class=\"talktitle\">Integrating interactive devices with the user\u2019s body<\/span><\/a><\/td><\/tr>\n            <tr class=\"break\" style=\"height: 30px;\"><td>16:00<\/td><td>Coffee Break \/ Posters <\/td><\/tr>\n            <tr class=\"session\" style=\"height: 90px;\"><td>16:30<\/td><td><a href=\"#session3\">Session 3: Health<\/a><\/td><\/tr>\n            <tr class=\"meeting\" style=\"height: 90px;\"><td>18:00<\/td><td>GPCG General Assembly (members only) <\/td><\/tr>\n            <tr class=\"break\" style=\"height: 30px;\"><td><\/td><td><\/td><\/tr>\n            <tr class=\"other\" style=\"height: 60px;\"><td>20:00<\/td><td><a href=\"..\/social\">Social Event @ &#8220;O Comercial&#8221;<\/a><\/td><\/tr>\n<\/tbody>    <\/table>\n<\/div>\n\n\n\n<div class=\"wp-block-column is-layout-flow\">\n<table class=\"content-table\"><thead><tr><th colspan=\"2\">Friday, November 5th 2021<\/th><\/tr><\/thead><tbody>\n            <tr class=\"session\" style=\"height: 100px;\"><td>09:00<\/td><td><a href=\"#session4\">Session 4: CG&amp;Viz<\/a><\/td><\/tr>\n            <tr class=\"invited\" style=\"height: 60px;\"><td>10:20<\/td><td><a href=\"..\/keynote-speakers#bss\">Keynote: Beatriz Sousa Santos\n<br><span class=\"talktitle\">On Augmented Reality &#8211; some recent applications to Industry<\/span><\/a><\/td><\/tr>\n            <tr class=\"break\" style=\"height: 25px;\"><td>11:20<\/td><td>Coffee Break \/ Posters <\/td><\/tr>\n            <tr class=\"session\" style=\"height: 75px;\"><td>11:45<\/td><td><a href=\"#session5\">Session 5: Applications<\/a><\/td><\/tr>\n            <tr class=\"break\" style=\"height: 90px;\"><td>13:00<\/td><td>Lunch break <\/td><\/tr>\n            <tr class=\"session\" style=\"height: 90px;\"><td>14:30<\/td><td><a href=\"#session6\">Session 6: UX<\/a><\/td><\/tr>\n            <tr class=\"other\" style=\"height: 30px;\"><td>16:00<\/td><td>Awards and closing session <\/td><\/tr>\n<\/tbody>    <\/table>\n<\/div>\n<\/div>\n\n\n\n<h2 class=\"wp-block-heading\" id=\"detailed\">Detailed Program<\/h2>\n\n\n\n<p>Presentation times:<br>&#8211; journal and long papers: 15 min + 5 min Q&amp;A<br>&#8211; short papers: 10 min + 5 min Q&amp;A<\/p>\n\n\n\n<h3 class=\"wp-block-heading\">Day 1 &#8211; Thursday, November 4th<\/h3>\n\n\n\n<style>\n* {\n  font-family: sans-serif; \/* Change your font family *\/\n}\n\n.content-table2 {\n  border-collapse: collapse;\n  margin: 25px 0;\n  font-size: 0.9em;\n  min-width: 200px;\n  max-width: 900px;\n  border-radius: 7px 7px 0 0;\n  overflow: hidden;\n  box-shadow: 0 0 20px rgba(0, 0, 0, 0.15);\n}\n\n.content-table2 th,\n.content-table2 td {\n  padding: 12px 15px;\n}\n\n.content-table2 tbody tr {\n  border-bottom: 1px solid #dddddd;\n}\n\n.content-table2 tbody tr.active-row {\n  font-weight: bold;\n  color: rgba(239,23,95,1);\n}\n\n.content-table2 tbody tr.long td span,\n.content-table2 tbody tr.short td span,\n.content-table2 tbody tr.poster td span,\n.content-table2 tbody tr.journal td span\n{\nmargin-left: 5px;\npadding: 2px;\nborder: 1px solid;\nfont-size: 0.8rem;\n}\n.content-table2 tbody tr.long td span\n{ border-color: rgba(189,24,119,1); color: rgba(189,24,119,1); }\n\n.content-table2 tbody tr.short td span\n{ border-color: rgba(139,25,138,1); color: rgba(139,25,138,1); }\n\n.content-table2 tbody tr.journal td span\n{ border-color: rgba(239,23,95,1); color: rgba(239,23,95,1); }\n\n.content-table2 tbody tr.poster td span\n{ border-color: rgba(239,23,195,1); color: rgba(239,23,195,1); }\n\n.content-table2 a, .content-table2 a:hover, .content-table2 a:visited \n{color: #FFF; }\n\n.content-table2 td p\n{\n  font-style: italic;\nfont-weight: 400;\ndisplay:inherit;\n}\n\n<\/style>\n\n\n\n<table class=\"content-table2\"><tbody>\n            <tr class=\"break\" style=\"height: 30px;\"><td>09:00<\/td><td>Reception <\/td><\/tr>\n            <tr class=\"other\" style=\"height: 15px;\"><td>09:30<\/td><td>Opening Session <\/td><\/tr>\n            <tr id=\"session1\" class=\"session\" style=\"height: px;\"><td>09:45<\/td><td>Session 1: Education<p>Chair: Ant\u00f3nio Coelho<\/p><\/td><\/tr>\n<tr class=\"long\"><td><\/td><td> <b>Gamification in Virtual Reality for education: VirtualeaRn for English learning<\/b><span>long<\/span><br>Rafael Darque Pinto, Pedro Monteiro, Miguel Melo, Luciana Cabral and Maximino Bessa<\/td><\/tr>\n<tr class=\"long\"><td><\/td><td> <b>DynaGame: a rule editor for gamified education<\/b><span>long<\/span><br>Ana Nogueira, Amir Nabizadeh and Daniel Gon\u00e7alves<\/td><\/tr>\n<tr class=\"long\"><td><\/td><td> <b>QuizHuntAR: A location-based Augmented Reality game for education<\/b><span>long<\/span><br>Jos\u00e9 Santos and Lu\u00eds Magalh\u00e3es<\/td><\/tr>\n<tr class=\"long\"><td><\/td><td> <b>I Am (Still) Here!<\/b><span>long<\/span><br>In\u00eas Albano and Daniel Gon\u00e7alves<\/td><\/tr>\n            <tr class=\"break\" style=\"height: 30px;\"><td>11:05<\/td><td>Coffee Break <\/td><\/tr>\n\n            <tr id=\"session2\" class=\"session\"><td>11:35<\/td><td>Session 2: VR\/AR<p>Chair:  Paulo Menezes<\/p><\/td><\/tr>\n<tr class=\"long\"><td><\/td><td> <b>Evaluation of Animation and Lip-Sync of Avatars, and User Interaction in Immersive Virtual Reality Learning Environments<\/b><span>long<\/span><br>Bruno Peixoto, Miguel Melo, Luciana C. Pereira and Maximino Bessa<\/td><\/tr>\n<tr class=\"long\"><td><\/td><td> <b>Immersive Adventure Games Development using 360-degree video<\/b><span>long<\/span><br>Francisco Pinho, Rui N\u00f3brega and Rui Rodrigues<\/td><\/tr>\n<tr class=\"short\"><td><\/td><td> <b>Exploring MR for Remote Collaboration: Comparing a 3D shared model approach width 2D annotations<\/b><span>short<\/span><br>Bernardo Marques, Jo\u00e3o Paulo Barroso Rego, Paulo Dias and Beatriz Sousa-Santos<\/td><\/tr>\n<tr class=\"short\"><td><\/td><td> <b>Exploring Remote Augmented Reality as a 2D Authoring Tool for Creation of Guiding Instructions<\/b><span>short<\/span><br>Bernardo Marques, Carlos Ferreira, Samuel Silva, Andreia Santos, Paulo Dias and Beatriz Sousa-Santos<\/td><\/tr>\n<tr class=\"short\"><td><\/td><td> <b>Avatar-centred AR Collaborative Mobile Interaction<\/b><span>short<\/span><br>Bianca Marques, Rui N\u00f3brega and Carmen Morgado<\/td><\/tr>\n            <tr class=\"break\" style=\"height: 90px;\"><td>13:00<\/td><td>Lunch break <\/td><\/tr>\n            <tr class=\"other\" style=\"height: 30px;\"><td>14:30<\/td><td>Jos\u00e9 Lu\u00eds Encarna\u00e7\u00e3o Award <p>Chair: Alexandrino Gon\u00e7alves<\/p><\/td><\/tr>\n            <tr class=\"invited\" style=\"height: 60px;\"><td>15:00<\/td><td><a href=\"..\/keynote-speakers#plopes\">Keynote: Pedro Lopes <br> <span class=\"talktitle\">Integrating interactive devices with the user\u2019s body<\/span><\/a><p><br>Chair: Daniel Mendes<\/p><\/td><\/tr>\n            <tr class=\"break\" style=\"height: 30px;\"><td>16:00<\/td><td>Coffee Break \/ Posters <\/td><\/tr>\n            <tr id=\"session3\" class=\"session\"><td>16:30<\/td><td>Session 3: Health<p>Chair: Paulo Dias<\/p><\/td><\/tr>\n<tr class=\"long\"><td><\/td><td> <b>The Benefits of Virtual Reality Technology for Rehabilitation of Children with Autism: A Systematic Review<\/b><span>long<\/span><br>Rafael Silva, Duarte Duque and Miguel Melo<\/td><\/tr>\n<tr class=\"long\"><td><\/td><td> <b>A VR Game for Obsessive-Compulsive Disorders Therapy<\/b><span>long<\/span><br>Andr\u00e9 Torr\u00e3o, Jo\u00e3o Nat\u00e1rio, Paula Carvalho, Cl\u00e1udia Silva and Frutuoso Silva<\/td><\/tr>\n<tr class=\"long\"><td><\/td><td> <b>A VR-Based Vestibular Rehabilitation Therapeutic Game<\/b><span>long<\/span><br>Emanuel Pereira, Bruno Ferreira and Paulo Menezes<\/td><\/tr>\n<tr class=\"short\"><td><\/td><td> <b>PlayHIIT: Augmenting Remote Exertion Experiences Through Playful Interaction<\/b><span>short<\/span><br>Francisco Teot\u00f3nio, Tom\u00e1s Alves and Hugo Nicolau<\/td><\/tr>\n<tr class=\"short\"><td><\/td><td> <b>Virtual Reality on Therapy and Diagnosis of Schizophrenia: First Insights<\/b><span>short<\/span><br>Andreia Mendes, Duarte Duque and V\u00edtor Carvalho<\/td><\/tr>\n            <tr class=\"meeting\" style=\"height: 90px;\"><td>18:00<\/td><td>GPCG General Assembly (members only) <\/td><\/tr>\n            <tr class=\"break\" style=\"height: 30px;\"><td><\/td><td><\/td><\/tr>\n            <tr class=\"other\" style=\"height: 60px;\"><td>20:00<\/td><td>Social Event @ &#8220;O Comercial&#8221; <\/td><\/tr>\n<\/tbody>    <\/table>\n\n\n\n<hr class=\"wp-block-separator\"\/>\n\n\n\n<h3 class=\"wp-block-heading\">Day 2 &#8211; Friday, November 5th<\/h3>\n\n\n\n<table class=\"content-table2\"><tbody>\n            <tr id=\"session4\" class=\"session\"><td>09:00<\/td><td>Session 4: CG&amp;Viz<p>Chair: Lu\u00eds Paulo Santos<\/p><\/td><\/tr>\n<tr class=\"long\"><td><\/td><td> <b>Benchmarking Vulkan vs OpenGL Rendering on Low-Power Edge GPUs<\/b><span>long<\/span><br>Oscar Ferraz, Paulo Menezes, Vitor Silva and Gabriel Falcao<\/td><\/tr>\n<tr class=\"long\"><td><\/td><td> <b>Evaluating Transitions for Streaming Big Data<\/b><span>long<\/span><br>Filipa Castanheira, Jo\u00e3o Moreira, Daniel Mendes and Daniel Gon\u00e7alves<\/td><\/tr>\n<tr class=\"long\"><td><\/td><td> <b>A Graphical Tool for Eliciting Knowledge of Air Pollution Sources<\/b><span>long<\/span><br>Duarte Vital, Pedro Mariano, Susana Marta Almeida and Pedro Santana<\/td><\/tr>\n<tr class=\"journal\"><td><\/td><td> <b>Microstructure-based appearance rendering for feathers<\/b><span>journal<\/span><br>Jessica Baron, Daljit Singh Dhillon, N. Adam Smith, Eric Patterson<\/td><\/tr>\n            <tr class=\"invited\" style=\"height: 60px;\"><td>10:20<\/td><td><a href=\"..\/keynote-speakers#bss\">Keynote: Beatriz Sousa Santos\n<br><span class=\"talktitle\">On Augmented Reality &#8211; some recent applications to Industry<\/span><\/a><p><br>Chair: Nuno Rodrigues<\/p><\/td><\/tr>\n            <tr class=\"break\" style=\"height: 25px;\"><td>11:20<\/td><td>Coffee Break \/ Posters <\/td><\/tr>\n            <tr id=\"session5\" class=\"session\"><td>11:45<\/td><td>Session 5: Applications<p>Chair: Frutuoso Silva<\/p><\/td><\/tr>\n<tr class=\"journal\"><td><\/td><td> <b>A Survey of Multisensory VR and AR Applications for Cultural Heritage<\/b><span>journal<\/span><br>Anabela Marto, Alexandrino Gon\u00e7alves, Miguel Melo, Maximino Bessa<\/td><\/tr>\n<tr class=\"journal\"><td><\/td><td> <b>Data-driven insight into the puzzle-based cybersecurity training<\/b><span>journal<\/span><br>Karol\u00edna Do\u010dkalov\u00e1 Bursk\u00e1, V\u00edt Rus\u0148\u00e1k, Radek O\u0161lej\u0161ek<\/td><\/tr>\n<tr class=\"long\"><td><\/td><td> <b>DAN &amp; Danny: Combining Analog and Digital Self-Tracking Data to Manage Wellbeing<\/b><span>long<\/span><br>Jo\u00e3o Nogueira, Tom\u00e1s Alves and Hugo Nicolau<\/td><\/tr>\n<tr class=\"short\"><td><\/td><td> <b>Towards an Outdoor AR Interface to Explore Biodiversity in Rural Stone Walls<\/b><span>short<\/span><br>Liliana Santos, Nuno Silva, Ant\u00f3nio Coelho and Rui N\u00f3brega<\/td><\/tr>\n            <tr class=\"break\" style=\"height: 90px;\"><td>13:00<\/td><td>Lunch break <\/td><\/tr>\n            <tr id=\"session6\" class=\"session\"><td>14:30<\/td><td>Session 6: UX<p>Chair: Daniel Gon\u00e7alves<\/p><\/td><\/tr>\n<tr class=\"journal\"><td><\/td><td> <b>A vision for contextualized evaluation of remote collaboration supported by AR<\/b><span>journal<\/span><br>Bernardo Marques, Samuel Silva, Ant\u00f3nio Teixeira, Paulo Dias and Beatriz Sousa-Santos<\/td><\/tr>\n<tr class=\"long\"><td><\/td><td> <b>Towards the integration of user interface prototyping and model-based development<\/b><span>long<\/span><br>Catarina Machado and Jos\u00e9 Creissac Campos<\/td><\/tr>\n<tr class=\"long\"><td><\/td><td> <b>Impact of Different User Types and gender on Presence and Cybersickness in Immersive Virtual Reality Setups<\/b><span>long<\/span><br>Miguel Melo, Guilherme Gon\u00e7alves, David Narciso and Maximino Bessa<\/td><\/tr>\n<tr class=\"short\"><td><\/td><td> <b>Travel and Orientation Techniques for Seated VR<\/b><span>short<\/span><br>Guilherme Amaro and Daniel Mendes<\/td><\/tr>\n<tr class=\"short\"><td><\/td><td> <b>I am busy! Do my footsteps sound matter? A study of the sense of presence and user satisfaction in VR<\/b><span>short<\/span><br>Pedro Monteiro, Hugo Coelho, Miguel Melo and Maximino Bessa<\/td><\/tr>\n            <tr class=\"other\" style=\"height: 30px;\"><td>16:00<\/td><td>Awards and closing session <\/td><\/tr>\n\n<\/tbody>    <\/table>\n\n\n\n<hr class=\"wp-block-separator\"\/>\n\n\n\n<h3 class=\"wp-block-heading\">Posters<\/h3>\n\n\n\n<table class=\"content-table2\"><tbody>\n<tr class=\"poster\"><td> <b>Virtual Reality as a training tool for aircraft fuel servicing procedures &#8211; a case study<\/b><br>Brian Silva, Jos\u00e9 Louren\u00e7o da Sa\u00fade, Lu\u00eds Teixeira and Frutuoso Silva<\/td><\/tr>\n\n<tr class=\"poster\"><td> <b>Agent-based terrain generation: comparing sequential vs concurrent approaches<\/b><br>In\u00eas Oliveira, Madalena Barros, Alberto Sim\u00f5es and Duarte Duque<\/td><\/tr>\n\n<tr class=\"poster\"><td> <b>Immersive VR for real estate: Application development and impact assessment of different levels of interaction and visual fidelity<\/b><br>Samuel Martins, Miguel Melo, Guilherme Gon\u00e7alves, Luis Barbosa and Maximino Bessa<\/td><\/tr>\n\n<tr class=\"poster\"><td> <b>Body Perception Manipulation with Movement Sonification for Stroke Survivors Rehabilitation<\/b><br>Filipa Oliveira, Isabel Neto, Daniel Lopes and Hugo Nicolau<\/td><\/tr>\n\n<tr class=\"poster\"><td> <b>ReflorestAR &#8211; Uma plataforma web de apoio \u00e0 refloresta\u00e7\u00e3o<\/b><br>Hugo Costa, Rodolfo Silva, Alexandrino Gon\u00e7alves, Nuno Rodrigues, Anabela Marto and Rita Ascenso<\/td><\/tr>\n\n<tr class=\"poster\"><td> <b>Virtual Evidence Capture Tool for Ordnance Recovery (VECTOR) &#8211; A System Usability Study<\/b><br>David Pannocchia, Belma Ramic-Brkic, Aleksandar Ivanov and Panagiotis Giannakeris<\/td><\/tr>\n\n<tr class=\"poster\"><td> <b>Aplica\u00e7\u00e3o M\u00f3vel para Visitas de Estudo Virtuais<\/b><br>Paulo Pereira, Alexandrino Gon\u00e7alves, Anabela Marto, Nuno Rodrigues and Rita Ascenso<\/td><\/tr>\n\n<tr class=\"poster\"><td> <b>SmartFeeding4Kids: a Digital Platform for Nutritional Behaviour Change of Parents of Young Children<\/b><br>Diogo Branco, S\u00e9rgio Alves, Hugo Sim\u00e3o, Ana C. Pires, Ana Gomes, Ana Pereira, Lu\u00edsa Barros and Tiago Guerreiro<\/td><\/tr>\n\n\n<\/tbody>    <\/table>\n\n\n\n<p><\/p>\n\n\n\n<p><\/p>\n","protected":false},"excerpt":{"rendered":"<p>Overview (see detailed version below) All sessions take place at Room B 032 &#8211; FEUP. Proceedings can be found below: ICGI 2021 Proceedings (participants only) Vote below for: Best Presentation &#8230;<\/p>\n","protected":false},"author":3,"featured_media":0,"parent":0,"menu_order":0,"comment_status":"closed","ping_status":"closed","template":"","meta":[],"_links":{"self":[{"href":"https:\/\/gpcg.pt\/icgi2021\/wp-json\/wp\/v2\/pages\/1679"}],"collection":[{"href":"https:\/\/gpcg.pt\/icgi2021\/wp-json\/wp\/v2\/pages"}],"about":[{"href":"https:\/\/gpcg.pt\/icgi2021\/wp-json\/wp\/v2\/types\/page"}],"author":[{"embeddable":true,"href":"https:\/\/gpcg.pt\/icgi2021\/wp-json\/wp\/v2\/users\/3"}],"replies":[{"embeddable":true,"href":"https:\/\/gpcg.pt\/icgi2021\/wp-json\/wp\/v2\/comments?post=1679"}],"version-history":[{"count":114,"href":"https:\/\/gpcg.pt\/icgi2021\/wp-json\/wp\/v2\/pages\/1679\/revisions"}],"predecessor-version":[{"id":2033,"href":"https:\/\/gpcg.pt\/icgi2021\/wp-json\/wp\/v2\/pages\/1679\/revisions\/2033"}],"wp:attachment":[{"href":"https:\/\/gpcg.pt\/icgi2021\/wp-json\/wp\/v2\/media?parent=1679"}],"curies":[{"name":"wp","href":"https:\/\/api.w.org\/{rel}","templated":true}]}}