{"id":1320,"date":"2021-03-18T18:04:03","date_gmt":"2021-03-18T18:04:03","guid":{"rendered":"https:\/\/gpcg.pt\/icgi2021\/?page_id=1320"},"modified":"2024-11-04T09:24:18","modified_gmt":"2024-11-04T09:24:18","slug":"committees","status":"publish","type":"page","link":"https:\/\/gpcg.pt\/icgi2024\/committees\/","title":{"rendered":"Committees"},"content":{"rendered":"\n<div class=\"wp-block-columns is-layout-flex wp-container-core-columns-is-layout-28f84493 wp-block-columns-is-layout-flex\">\n<div class=\"wp-block-column is-layout-flow wp-block-column-is-layout-flow\">\n<h3 class=\"wp-block-heading\" id=\"conference-chairs\">Conference Chairs<\/h3>\n\n\n\n<p><strong>Miguel Melo<\/strong> (University of Tr\u00e1s-os-Montes e Alto Douro, INESC TEC)<\/p>\n\n\n\n<p><strong>Maximino Bessa<\/strong> (University of Tr\u00e1s-os-Montes e Alto Douro, INESC TEC)<\/p>\n\n\n\n<p><strong>Jo\u00e3o Paulo Moura <\/strong>(University of Tr\u00e1s-os-Montes e Alto Douro, CITAB)<\/p>\n\n\n\n<p><strong>Lu\u00eds Barbosa <\/strong>(University of Tr\u00e1s-os-Montes e Alto Douro, INESC TEC)<\/p>\n\n\n\n<p>Advisor: <strong>Jo\u00e3o Patr\u00edcio <\/strong>(Polytechnic Institute of Tomar, UDMF)<\/p>\n\n\n\n<div style=\"height:30px\" aria-hidden=\"true\" class=\"wp-block-spacer\"><\/div>\n\n\n\n<h3 class=\"wp-block-heading\" id=\"program-chairs\">Program Chairs<\/h3>\n\n\n\n<p><strong>Anabela Marto <\/strong>(Polytechnic University of Leiria, DEI)<\/p>\n\n\n\n<p><strong>Jos\u00e9 Creissac Campos<\/strong> (University of Minho, HASLab\/INESC TEC)<\/p>\n\n\n\n<div style=\"height:30px\" aria-hidden=\"true\" class=\"wp-block-spacer\"><\/div>\n\n\n\n<h3 class=\"wp-block-heading\" id=\"program-chairs\">Journal Guest Editors<\/h3>\n\n\n\n<p><strong>Anabela Marto<\/strong> (CIIC | ESTG &#8211; Polytechnic University of Leiria)&nbsp;&nbsp;<\/p>\n\n\n\n<p><strong>Jos\u00e9 Creissac Campos<\/strong> (University of Minho | HASLab\/INESC TEC)<\/p>\n\n\n\n<p><strong>Kyle Johnsen <\/strong>(University of Georgia)<\/p>\n\n\n\n<div style=\"height:30px\" aria-hidden=\"true\" class=\"wp-block-spacer\"><\/div>\n<\/div>\n<\/div>\n\n\n\n<h3 class=\"wp-block-heading\" id=\"web-chairs\">Web Chairs<\/h3>\n\n\n\n<p><strong>Guilherme Gon\u00e7alves<\/strong> (INESC TEC, Bragan\u00e7a Polytechnic University)<\/p>\n\n\n\n<div style=\"height:30px\" aria-hidden=\"true\" class=\"wp-block-spacer\"><\/div>\n\n\n\n<h3 class=\"wp-block-heading\" id=\"scientific-committee\">Scientific Committee<\/h3>\n\n\n\n<p><strong>A.Augusto Sousa<\/strong> (<em>FEUP<\/em>)<br><strong>Alexandrino Gon\u00e7alves<\/strong> <em>(CIIC | ESTG \u2013 Polytechnic University of Leiria)<\/em><br><strong>Alfredo Ferreira<\/strong> <em>(INESC-ID)<\/em><br><strong>Ana Afonso<\/strong> <em>(LASIGE, Faculdade de Ci\u00eancias, University of Lisboa)<\/em><br><strong>Anabela Marto<\/strong> <em>(Polytechnic University of Leiria)<\/em> <strong>(CHAIR)<\/strong><br><strong>Andrea Giachetti<\/strong><em> (University of Verona)<\/em><br><strong>Antonio Coelho<\/strong> <em>(University of Porto)<\/em><br><strong>Ant\u00f3nio Fernandes<\/strong> (University of Minho)<br><strong>Beatriz Sousa-Santo<\/strong>s\u00a0<em>(University of Aveiro)<\/em><br><strong>Bernardo Marques<\/strong> <em>(University of Aveiro)<\/em><br><strong>Br\u00edgida M\u00f3nica Faria<\/strong><em> (Higher School of Health\/Polytechnic of Porto)<\/em><br><strong>Bruno Giesteira<\/strong><em> (University of Porto)<\/em><br><strong>Bruno Peixoto<\/strong> <em>(University of Tr\u00e1s-os-Montes e Alto Douro)<\/em><br><strong>Daniel Gon\u00e7alve<\/strong>s<em> (INESC-ID)<\/em><br><strong>Daniel Mendes<\/strong> <em>(INESC TEC, FEUP)<\/em><br><strong>Diogo Cabral<\/strong><em> (ITI\/LARSyS, IST, University of Lisboa)<\/em><br><strong>Duarte Duque<\/strong> <em>(2Ai, Polytechnic Institute of Cavado and Ave)<\/em><br><strong>Emilia Duarte<\/strong> <em>(European University)<\/em><br><strong>Fernando Birra<\/strong> <em>(Universidade NOVA de Lisboa)<\/em><br><strong>Frutuoso Silva<\/strong> <em>(University of Beira Interior)<\/em><br><strong>Guilherme Gon\u00e7alves<\/strong> <em>(INESC TEC, Bragan\u00e7a Polytechnic University)<\/em><br><strong>Jo\u00e3o Guerreiro <\/strong><em>(University of Lisboa)<\/em><br><strong>Jo\u00e3o Moreira<\/strong> <em>(University of Lisboa)<\/em><br><strong>Joaquim Madeira<\/strong> \u00a0<em>(University of Aveiro)<\/em><br><strong>Jos\u00e9 C.Campos<\/strong> <em>(University of Minho)<\/em> <strong>(CHAIR)<\/strong><br><strong>Juan Torres<\/strong> <em>(University of Granada)<\/em><br><strong>Kadi Bouatouch<\/strong> <em>(IRISA)<\/em><br><strong>Leonel Morgado<\/strong> <em>(INESC TEC \/ Universidade Aberta)<\/em><br><strong>Lidia Ortega<\/strong> <em>(University of Ja\u00e9n)<\/em><br><strong>Luis Magalh\u00e3es<\/strong>\u00a0<em>(University of Minho)<\/em><br><strong>Luis Romero<\/strong> (Higher School of Technology and Management)<br><strong>Luis Santos<\/strong> <em>(University of Minho)<\/em><br><strong>Manuel J.Fonseca<\/strong> <em>(University of Lisboa)<\/em><br><strong>Maria Carmo<\/strong>\u00a0<em>(University of Lisboa)<\/em><br><strong>Mauricio Sousa<\/strong> <em>(University of Toronto)<\/em><br><strong>Mauro Figueiredo<\/strong> <em>(University of Algarve)<\/em><br><strong>Maximino Bessa<\/strong> <em>(University of Tr\u00e1s-os-Montes e Alto Douro, INESC TEC)<\/em><br><strong>Michele Fiorentino<\/strong> (Polytechnic University of Bari)<br><strong>Miguel Carvalhais<\/strong> <em>(INESC TEC \/ Faculdade de Belas Artes, University of Porto)<\/em><br><strong>Miguel Dias<\/strong> (University Institute of Lisbon)<br><strong>Miguel Lopez<\/strong> <em>(EST Set\u00fabal \/ IPS)<\/em><br><strong>Miguel Melo<\/strong> <em>(University of Tr\u00e1s-os-Montes e Alto Douro)<\/em><br><strong>Nuno Rodrigues<\/strong><em> (CIIC | ESTG \u2013 Polytechnic University of Leiria)<\/em><br><strong>\u00d3scar Mealha<\/strong> (University of Aveiro)<br><strong>Paula Silva<\/strong> <em>(University of Coimbra)<\/em><br><strong>Paulo Dias <\/strong><em>(University of Aveiro)<\/em><br><strong>Pedro Amado<\/strong> <em>(Fine Arts Faculty, University of Porto)<\/em><br><strong>Ricardo Marques<\/strong> <em>(University of Barcelona)<\/em><br><strong>Roberto Aguiar Ribeiro<\/strong><em> (CIIC | ESTG \u2013 Polytechnic University of Leiria)<\/em><br><strong>Rui Rodrigues<\/strong> <em>(University of Porto)<\/em><br><strong>Samuel Silva<\/strong> <em>(University of Aveiro)<\/em><br><strong>Sandra Gama<\/strong><em> (Instituto Superior de Tecnologias Avan\u00e7adas de Lisboa)<\/em><br><strong>Soraia Paulo<\/strong> (ITI\/LarSys, \/ University of Lisbon)<br><strong>Telmo Ad\u00e3o<\/strong> (Universidade de Tr\u00e1s-os-Montes e Alto Douro)<br><strong>Tom\u00e1s Alves<\/strong> <em>(University of Lisboa)<\/em><br><strong>V\u00edtor S\u00e1<\/strong> <em>(Polytechnic of Porto)<\/em><\/p>\n\n\n\n<p><br><br><br><\/p>\n\n\n\n<hr class=\"wp-block-separator has-alpha-channel-opacity\"\/>\n","protected":false},"excerpt":{"rendered":"<p>Conference Chairs Miguel Melo (University of Tr\u00e1s-os-Montes e Alto Douro, INESC TEC) Maximino Bessa (University of Tr\u00e1s-os-Montes e Alto Douro, INESC TEC) Jo\u00e3o Paulo Moura (University of Tr\u00e1s-os-Montes e Alto Douro, CITAB) Lu\u00eds Barbosa (University of Tr\u00e1s-os-Montes e Alto Douro, INESC TEC) Advisor: Jo\u00e3o Patr\u00edcio (Polytechnic Institute of Tomar, UDMF) Program Chairs Anabela Marto (Polytechnic [&hellip;]<\/p>\n","protected":false},"author":2,"featured_media":0,"parent":0,"menu_order":0,"comment_status":"closed","ping_status":"closed","template":"","meta":{"footnotes":""},"class_list":["post-1320","page","type-page","status-publish","hentry"],"_links":{"self":[{"href":"https:\/\/gpcg.pt\/icgi2024\/wp-json\/wp\/v2\/pages\/1320","targetHints":{"allow":["GET"]}}],"collection":[{"href":"https:\/\/gpcg.pt\/icgi2024\/wp-json\/wp\/v2\/pages"}],"about":[{"href":"https:\/\/gpcg.pt\/icgi2024\/wp-json\/wp\/v2\/types\/page"}],"author":[{"embeddable":true,"href":"https:\/\/gpcg.pt\/icgi2024\/wp-json\/wp\/v2\/users\/2"}],"replies":[{"embeddable":true,"href":"https:\/\/gpcg.pt\/icgi2024\/wp-json\/wp\/v2\/comments?post=1320"}],"version-history":[{"count":18,"href":"https:\/\/gpcg.pt\/icgi2024\/wp-json\/wp\/v2\/pages\/1320\/revisions"}],"predecessor-version":[{"id":2930,"href":"https:\/\/gpcg.pt\/icgi2024\/wp-json\/wp\/v2\/pages\/1320\/revisions\/2930"}],"wp:attachment":[{"href":"https:\/\/gpcg.pt\/icgi2024\/wp-json\/wp\/v2\/media?parent=1320"}],"curies":[{"name":"wp","href":"https:\/\/api.w.org\/{rel}","templated":true}]}}