{"id":110,"date":"2025-03-07T14:11:44","date_gmt":"2025-03-07T14:11:44","guid":{"rendered":"https:\/\/gpcg.pt\/icgi2025\/?page_id=110"},"modified":"2025-11-19T18:51:02","modified_gmt":"2025-11-19T18:51:02","slug":"program","status":"publish","type":"page","link":"https:\/\/gpcg.pt\/icgi2025\/program\/","title":{"rendered":"Program"},"content":{"rendered":"\n<div class=\"wp-block-cover alignfull\" style=\"min-height:376px;aspect-ratio:unset;\"><span aria-hidden=\"true\" class=\"wp-block-cover__background has-background-dim-100 has-background-dim has-background-gradient has-custom-cor-1-gradient-background\"><\/span><div class=\"wp-block-cover__inner-container has-global-padding is-layout-constrained wp-block-cover-is-layout-constrained\">\n<div style=\"height:100px\" aria-hidden=\"true\" class=\"wp-block-spacer\"><\/div>\n\n\n\n<h2 class=\"wp-block-heading has-text-align-center has-contrast-color has-text-color has-link-color wp-elements-84ee7bb4251006a736024410ec66d295\"><strong>Program<\/strong><\/h2>\n\n\n\n<div style=\"height:100px\" aria-hidden=\"true\" class=\"wp-block-spacer\"><\/div>\n\n\n\n<div class=\"wp-block-group alignfull has-global-padding is-content-justification-left is-layout-constrained wp-container-core-group-is-layout-22 wp-block-group-is-layout-constrained\" style=\"padding-right:var(--wp--preset--spacing--30);padding-left:var(--wp--preset--spacing--30)\">\n<div class=\"wp-block-group alignwide has-global-padding is-layout-constrained wp-block-group-is-layout-constrained\">\n<h2 class=\"wp-block-heading alignwide has-contrast-color has-text-color has-link-color has-large-font-size wp-elements-cbe538637143b2f505b8a62b95ee24c5\">Day 1 (13\/Nov)<\/h2>\n\n\n\n<div style=\"height:20px\" aria-hidden=\"true\" class=\"wp-block-spacer\"><\/div>\n\n\n\n<div class=\"wp-block-group alignwide has-global-padding is-layout-constrained wp-block-group-is-layout-constrained\">\n<figure class=\"wp-block-table alignwide div { column-width: 100px; } has-small-font-size\"><table class=\"has-contrast-color has-text-color has-link-color has-fixed-layout\" style=\"border-style:none;border-width:0px\"><tbody><tr><td width=\"50\">08:30<\/td><td>Registration                                                                                                                                                                                 <\/td><\/tr><tr><td>09:00<\/td><td>Opening Session<\/td><\/tr><\/tbody><\/table><\/figure>\n\n\n\n<div style=\"height:20px\" aria-hidden=\"true\" class=\"wp-block-spacer\"><\/div>\n<\/div>\n\n\n\n<div class=\"wp-block-group alignwide has-global-padding is-layout-constrained wp-block-group-is-layout-constrained\">\n<h4 class=\"wp-block-heading alignwide has-contrast-color has-text-color has-link-color wp-elements-c4f5aee7b7e6185d28976c0a3d1c06e2\" style=\"font-size:clamp(14.642px, 0.915rem + ((1vw - 3.2px) * 0.766), 22px);\"><em>Session 1: <em>Cognitive Effects and Human Perception<\/em><\/em><\/h4>\n\n\n\n<figure class=\"wp-block-table alignwide has-small-font-size\"><table class=\"has-contrast-color has-text-color has-link-color has-fixed-layout\" style=\"border-style:none;border-width:0px\"><tbody><tr><td width=\"50\">09:30<\/td><td><strong><em>[F] Investigating the Resiliency of the Framing Effect in Information Visualization<\/em><\/strong><\/td><\/tr><tr><td><\/td><td>Alexandra Maroco, Daniel Gon\u00e7alves, Sandra Gama, and Tom\u00e1s Alves<\/td><\/tr><tr><td>09:50<\/td><td><em><strong>[S] A Virtual Reality Game to Support Cognitive Stimulation in Elderly People with Alzheimer&#8217;s and Mild Dementia<\/strong><\/em><\/td><\/tr><tr><td><\/td><td>Alice Barbosa, Henrique Melro, Rodrigo Pacheco, Raquel Sim\u00f5es de Almeida, Bruno Teixeira, and V\u00edtor S\u00e1<\/td><\/tr><tr><td>10:05<\/td><td><em><strong>[F] Data Analysis and Visualization Practices: Purposes and Obstacles for User-Centered Solutions<\/strong><\/em><\/td><\/tr><tr><td><\/td><td>Ana Carolina Silva, Alexandra Ribeiro, Rosane Sampaio, Emanuel Sousa, and Iara Margolis<\/td><\/tr><\/tbody><\/table><\/figure>\n\n\n\n<div style=\"height:20px\" aria-hidden=\"true\" class=\"wp-block-spacer\"><\/div>\n<\/div>\n\n\n\n<div class=\"wp-block-group alignwide has-global-padding is-layout-constrained wp-block-group-is-layout-constrained\">\n<figure class=\"wp-block-table alignwide has-small-font-size\"><table class=\"has-contrast-color has-text-color has-link-color has-fixed-layout\" style=\"border-style:none;border-width:0px\"><tbody><tr><td width=\"50\">10:30<\/td><td>Coffee Break                                                                                                                                                                                                    <\/td><\/tr><\/tbody><\/table><\/figure>\n\n\n\n<div style=\"height:20px\" aria-hidden=\"true\" class=\"wp-block-spacer\"><\/div>\n<\/div>\n\n\n\n<div class=\"wp-block-group alignwide has-global-padding is-layout-constrained wp-block-group-is-layout-constrained\">\n<h2 class=\"wp-block-heading alignwide has-contrast-color has-text-color has-link-color wp-elements-fa53590994d095a5028979307dab945f\" style=\"font-size:clamp(14.642px, 0.915rem + ((1vw - 3.2px) * 0.766), 22px);\"><em>Session 2: <em>Immersive Environments<\/em><\/em><\/h2>\n\n\n\n<figure class=\"wp-block-table alignwide .wp-block-table { column-width: 50px; } has-small-font-size\"><table class=\"has-contrast-color has-text-color has-link-color has-fixed-layout\" style=\"border-style:none;border-width:0px\"><tbody><tr><td width=\"50\">11:00<\/td><td><em><strong>[F] Immersive Editing of 360-degree Video Experiences<\/strong><\/em><\/td><\/tr><tr><td><\/td><td>Teresa Matos, Andr\u00e9 Esteves, and Rui Rodrigues<\/td><\/tr><tr><td>11:20<\/td><td><em><strong>[F] RepliCo: Remote Collaboration over 3D Content in DeskVR through Miniature Replicas<\/strong><\/em><\/td><\/tr><tr><td><\/td><td>Nuno Alves, Daniel Mendes, and Rui Rodrigues<\/td><\/tr><tr><td>11:40<\/td><td><em><strong>[F] Adaptable and Customizable Walkable Virtual Environments in Small Spaces: Generating a Virtual Reality Museum Experience<\/strong><\/em> [Honorable Mention]<\/td><\/tr><tr><td><\/td><td>Pedro Ferreira, Ana Rita Rebelo, Nuno Correia, and Rui N\u00f3brega<\/td><\/tr><\/tbody><\/table><\/figure>\n\n\n\n<div style=\"height:20px\" aria-hidden=\"true\" class=\"wp-block-spacer\"><\/div>\n<\/div>\n\n\n\n<div class=\"wp-block-group alignwide has-global-padding is-layout-constrained wp-block-group-is-layout-constrained\">\n<figure class=\"wp-block-table alignwide has-small-font-size\"><table class=\"has-contrast-color has-text-color has-link-color has-fixed-layout\" style=\"border-style:none;border-width:0px\"><tbody><tr><td width=\"50\">12:00<\/td><td>Lunch Break                                                                                                                                                                                                    <\/td><\/tr><\/tbody><\/table><\/figure>\n\n\n\n<div style=\"height:20px\" aria-hidden=\"true\" class=\"wp-block-spacer\"><\/div>\n<\/div>\n\n\n\n<div class=\"wp-block-group alignwide has-global-padding is-layout-constrained wp-block-group-is-layout-constrained\">\n<h2 class=\"wp-block-heading alignwide has-contrast-color has-text-color has-link-color wp-elements-850d12166d6dd772807e2c1b44d9ae6f\" style=\"font-size:clamp(14.642px, 0.915rem + ((1vw - 3.2px) * 0.766), 22px);\"><em>Pr\u00e9mio \u201cProfessor Jos\u00e9 Lu\u00eds Encarna\u00e7\u00e3o\u201d<\/em><\/h2>\n\n\n\n<figure class=\"wp-block-table alignwide has-small-font-size\"><table class=\"has-contrast-color has-text-color has-link-color has-fixed-layout\" style=\"border-style:none;border-width:0px\"><tbody><tr><td width=\"50\">13:30<\/td><td><strong><em>Techniques for Multiple Room Connection in Virtual Reality: Walking Within Small Physical Spaces<\/em><\/strong><\/td><\/tr><tr><td><\/td><td>Ana Rita Rebelo, Pedro A. Ferreira, and Rui N\u00f3brega<\/td><\/tr><\/tbody><\/table><\/figure>\n\n\n\n<div style=\"height:20px\" aria-hidden=\"true\" class=\"wp-block-spacer\"><\/div>\n<\/div>\n\n\n\n<div class=\"wp-block-group alignwide has-global-padding is-layout-constrained wp-block-group-is-layout-constrained\">\n<h2 class=\"wp-block-heading alignwide has-contrast-color has-text-color has-link-color wp-elements-ebb2c7359bd9feae177a979822818a7b\" style=\"font-size:clamp(14.642px, 0.915rem + ((1vw - 3.2px) * 0.766), 22px);\"><em>Keynote<\/em><\/h2>\n\n\n\n<figure class=\"wp-block-table alignwide has-small-font-size\"><table class=\"has-contrast-color has-text-color has-link-color has-fixed-layout\" style=\"border-style:none;border-width:0px\"><tbody><tr><td width=\"50\">14:00<\/td><td class=\"has-text-align-left\" data-align=\"left\">     <strong><em>Presenting with Impact: How to Engage, Inform and Inspire<\/em><\/strong>                                                                                                                                                                                                    <\/td><\/tr><tr><td><\/td><td class=\"has-text-align-left\" data-align=\"left\">Daniel Gon\u00e7alves<\/td><\/tr><\/tbody><\/table><\/figure>\n\n\n\n<div style=\"height:20px\" aria-hidden=\"true\" class=\"wp-block-spacer\"><\/div>\n<\/div>\n\n\n\n<div class=\"wp-block-group alignwide has-global-padding is-layout-constrained wp-block-group-is-layout-constrained\">\n<h2 class=\"wp-block-heading alignwide has-contrast-color has-text-color has-link-color wp-elements-78a2a7ef69b0fdd588731a66e61f321c\" style=\"font-size:clamp(14.642px, 0.915rem + ((1vw - 3.2px) * 0.766), 22px);\"><em>Session 3: Tools<\/em><\/h2>\n\n\n\n<figure class=\"wp-block-table alignwide has-small-font-size\"><table class=\"has-contrast-color has-text-color has-link-color has-fixed-layout\" style=\"border-style:none;border-width:0px\"><tbody><tr><td width=\"50\">15:00<\/td><td><strong><em>[S] BuildInclusive: A Web Platform for Accessible and Inclusive Digital Design and Development<\/em><\/strong><\/td><\/tr><tr><td><\/td><td>Sara Gorecka Martins, Pedro Garru\u00e7o, Vivian Genaro Motti, and Paula Alexandra Silva<\/td><\/tr><tr><td>15:15<\/td><td><em><strong>[S] GreenCanvas: Framework for Sketch-Based 3D Plant Modelling<\/strong><\/em><\/td><\/tr><tr><td><\/td><td>Ana Martins, Anabela Marto, Rita Ascenso, Roberto Ribeiro, Nuno Rodrigues and Alexandrino Gon\u00e7alves<\/td><\/tr><tr><td>15:30<\/td><td><em><strong>[F] SAGE: A Tool for Intuitive Design of Shape Grammars<\/strong><\/em><\/td><\/tr><tr><td><\/td><td>Mariana Guerreiro, Filipe Santos, and Pedro Santana<\/td><\/tr><tr><td>15:50<\/td><td><strong><em>[F] Automating code generation from User Interface prototypes<\/em><\/strong><\/td><\/tr><tr><td><\/td><td>Jo\u00e3o Castro and Jos\u00e9 Creissac Campos<\/td><\/tr><tr><td>16:10<\/td><td><strong><em>[F] Developing Tools to Measure Perceptual Speed and Visual Working Memory<\/em><\/strong><\/td><\/tr><tr><td><\/td><td>Carolina Pereira, Maria Campos, Teresa Correia, Jo\u00e3o Moreira, Tom\u00e1s Alves, and Sandra Gama<\/td><\/tr><\/tbody><\/table><\/figure>\n\n\n\n<div style=\"height:20px\" aria-hidden=\"true\" class=\"wp-block-spacer\"><\/div>\n<\/div>\n\n\n\n<div class=\"wp-block-group alignwide has-global-padding is-layout-constrained wp-block-group-is-layout-constrained\">\n<figure class=\"wp-block-table alignwide has-small-font-size\"><table class=\"has-contrast-color has-text-color has-link-color has-fixed-layout\" style=\"border-style:none;border-width:0px\"><tbody><tr><td width=\"50\">16:30<\/td><td>Coffee Break<\/td><\/tr><\/tbody><\/table><\/figure>\n\n\n\n<div style=\"height:20px\" aria-hidden=\"true\" class=\"wp-block-spacer\"><\/div>\n<\/div>\n\n\n\n<div class=\"wp-block-group alignwide has-global-padding is-layout-constrained wp-block-group-is-layout-constrained\">\n<h2 class=\"wp-block-heading alignwide has-contrast-color has-text-color has-link-color wp-elements-083455ad374306ad7145c22b13bb1bc6\" style=\"font-size:clamp(14.642px, 0.915rem + ((1vw - 3.2px) * 0.766), 22px);\"><em>Session 4: Computer Graphics Modeling<\/em><\/h2>\n\n\n\n<figure class=\"wp-block-table alignwide has-small-font-size\"><table class=\"has-contrast-color has-text-color has-link-color has-fixed-layout\" style=\"border-style:none;border-width:0px\"><tbody><tr><td width=\"50\">17:00<\/td><td><strong><em>[J] Data-Driven Modeling of Subtle Eye Region Deformations<\/em><\/strong><\/td><\/tr><tr><td><\/td><td>Glenn Kerbiriou, Quentin Avril, and Maud Marchal<\/td><\/tr><tr><td>17:20<\/td><td><em><strong>[J] A Generic Query-Modify Framework for Volumetric Mesh Processing<\/strong><\/em><\/td><\/tr><tr><td><\/td><td>Guillaume Damiand, Vincent Nivoliers, and Romain Pascual<\/td><\/tr><tr><td>17:40<\/td><td><em><strong>[S] Procedural Floor Plan Generation for Simulations: Rooms and Corridors on Demand<\/strong><\/em><\/td><\/tr><tr><td><\/td><td>Sofia Monteiro and Rui N\u00f3brega<\/td><\/tr><tr><td>17:55<\/td><td><strong><em>[F] Towards Augmented XR Movement and Interaction Confidence across Substitutional Reality.<\/em><\/strong>                                      <\/td><\/tr><tr><td><\/td><td>Guilherme Figueira and Rui N\u00f3brega<\/td><\/tr><\/tbody><\/table><\/figure>\n\n\n\n<div style=\"height:20px\" aria-hidden=\"true\" class=\"wp-block-spacer\"><\/div>\n<\/div>\n<\/div>\n\n\n\n<div class=\"wp-block-group alignwide has-global-padding is-layout-constrained wp-block-group-is-layout-constrained\">\n<h2 class=\"wp-block-heading alignwide has-contrast-color has-text-color has-link-color has-large-font-size wp-elements-4a9bcd6f19cf6e8d5cd36e2c70df994e\">Day 2 (14\/Nov)<\/h2>\n\n\n\n<div style=\"height:20px\" aria-hidden=\"true\" class=\"wp-block-spacer\"><\/div>\n\n\n\n<div class=\"wp-block-group alignwide has-global-padding is-layout-constrained wp-block-group-is-layout-constrained\">\n<h4 class=\"wp-block-heading alignwide has-contrast-color has-text-color has-link-color wp-elements-b5048be5d638df6d9ac9a8764304e387\" style=\"font-size:clamp(14.642px, 0.915rem + ((1vw - 3.2px) * 0.766), 22px);\"><em>Session 5: XR Interaction and Interface Design: Part 1<\/em><\/h4>\n\n\n\n<figure class=\"wp-block-table alignwide has-small-font-size\"><table class=\"has-contrast-color has-text-color has-link-color has-fixed-layout\" style=\"border-style:none;border-width:0px\"><tbody><tr><td width=\"50\">09:00<\/td><td><strong><em>[F] Materializer: Material Changing Haptics for VR<\/em><\/strong> [Best Paper Award] [Best Presentation Award]<\/td><\/tr><tr><td><\/td><td>Henrique Ribeiro, Daniel Mendes, and Rui Rodrigues<\/td><\/tr><tr><td>09:20<\/td><td><em><strong>[F] XR Menu Interaction: User Study of hand and controller-based designs<\/strong><\/em><\/td><\/tr><tr><td><\/td><td>Jo\u00e3o Teles, In\u00eas Cruz, Beatriz Santos, Paulo Dias, and Stefan Kauling<\/td><\/tr><tr><td>09:40<\/td><td><em><strong>[F] Enhancing Immersive Training: How Environmental Context Influences User Experience and Performance<\/strong><\/em> [Honorable Mention]<\/td><\/tr><tr><td><\/td><td>Rui Machado, Ricardo Rodrigues, Guilherme Gon\u00e7alves, Jo\u00e3o Barroso, Miguel Melo and Maximino Bessa<\/td><\/tr><\/tbody><\/table><\/figure>\n\n\n\n<div style=\"height:20px\" aria-hidden=\"true\" class=\"wp-block-spacer\"><\/div>\n<\/div>\n\n\n\n<div class=\"wp-block-group alignwide has-global-padding is-layout-constrained wp-block-group-is-layout-constrained\">\n<figure class=\"wp-block-table alignwide has-small-font-size\"><table class=\"has-contrast-color has-text-color has-link-color has-fixed-layout\" style=\"border-style:none;border-width:0px\"><tbody><tr><td width=\"50\">10:00<\/td><td>Coffee Break                                                                                                                                                                                                    <\/td><\/tr><\/tbody><\/table><\/figure>\n\n\n\n<div style=\"height:20px\" aria-hidden=\"true\" class=\"wp-block-spacer\"><\/div>\n<\/div>\n\n\n\n<div class=\"wp-block-group alignwide has-global-padding is-layout-constrained wp-block-group-is-layout-constrained\">\n<h2 class=\"wp-block-heading alignwide has-contrast-color has-text-color has-link-color wp-elements-35318ad4cbe01d33624e19934fa72881\" style=\"font-size:clamp(14.642px, 0.915rem + ((1vw - 3.2px) * 0.766), 22px);\"><em>Session 6: XR Interaction and Interface Design: Part <\/em>2<\/h2>\n\n\n\n<figure class=\"wp-block-table alignwide has-small-font-size\"><table class=\"has-contrast-color has-text-color has-link-color has-fixed-layout\" style=\"border-style:none;border-width:0px\"><tbody><tr><td width=\"50\">10:30<\/td><td><strong><em>[S] Enhancing Multiplayer Gaming via Per-Player Visual Theme Selection<\/em><\/strong><\/td><\/tr><tr><td><\/td><td>Diogo Gil, Pedro Mariano and Pedro Santana<\/td><\/tr><tr><td>10:45<\/td><td><em><strong>[F] The Influence of Head-Mounted Displays and Gender on Presence and Cybersickness in Cinematic Virtual Reality<\/strong><\/em><\/td><\/tr><tr><td><\/td><td>Pedro Reisinho, C\u00e1tia Silva, Rui Raposo, M\u00e1rio Vairinhos, and Nelson Zagalo<\/td><\/tr><\/tbody><\/table><\/figure>\n\n\n\n<div style=\"height:20px\" aria-hidden=\"true\" class=\"wp-block-spacer\"><\/div>\n<\/div>\n\n\n\n<div class=\"wp-block-group alignwide has-global-padding is-layout-constrained wp-block-group-is-layout-constrained\">\n<h2 class=\"wp-block-heading alignwide has-contrast-color has-text-color has-link-color wp-elements-ebb2c7359bd9feae177a979822818a7b\" style=\"font-size:clamp(14.642px, 0.915rem + ((1vw - 3.2px) * 0.766), 22px);\"><em>Keynote<\/em><\/h2>\n\n\n\n<figure class=\"wp-block-table alignwide has-small-font-size\"><table class=\"has-contrast-color has-text-color has-link-color has-fixed-layout\" style=\"border-style:none;border-width:0px\"><tbody><tr><td width=\"50\">11:05<\/td><td class=\"has-text-align-left\" data-align=\"left\"><strong><em>Reflecting on the value of food for Human-Food Interaction research<\/em><\/strong><\/td><\/tr><tr><td><\/td><td class=\"has-text-align-left\" data-align=\"left\">Corina Sas<\/td><\/tr><\/tbody><\/table><\/figure>\n\n\n\n<div style=\"height:20px\" aria-hidden=\"true\" class=\"wp-block-spacer\"><\/div>\n<\/div>\n\n\n\n<div class=\"wp-block-group alignwide has-global-padding is-layout-constrained wp-block-group-is-layout-constrained\">\n<figure class=\"wp-block-table alignwide has-small-font-size\" style=\"margin-top:0;margin-right:0;margin-bottom:0;margin-left:0\"><table class=\"has-contrast-color has-text-color has-link-color has-fixed-layout\" style=\"border-style:none;border-width:0px\"><tbody><tr><td width=\"50\">12:00<\/td><td>Lunch Break                                                                                                                                                                                                                                                      <\/td><\/tr><\/tbody><\/table><\/figure>\n\n\n\n<div style=\"height:20px\" aria-hidden=\"true\" class=\"wp-block-spacer\"><\/div>\n<\/div>\n\n\n\n<div class=\"wp-block-group alignwide has-global-padding is-layout-constrained wp-block-group-is-layout-constrained\">\n<h2 class=\"wp-block-heading alignwide has-contrast-color has-text-color has-link-color wp-elements-cb9af34c0da8f45f8cee45ed2f19dfdc\" style=\"font-size:clamp(14.642px, 0.915rem + ((1vw - 3.2px) * 0.766), 22px);\"><em>Session 7: XR Applications<\/em><\/h2>\n\n\n\n<figure class=\"wp-block-table alignwide has-small-font-size\"><table class=\"has-contrast-color has-text-color has-link-color has-fixed-layout\" style=\"border-style:none;border-width:0px\"><tbody><tr><td width=\"50\">13:30<\/td><td><strong><em>[J] Personalized eXtended Reality Experiences to Enhance the Rehabilitation Process of Stroke Survivors: A Scoping Review<\/em><\/strong><\/td><\/tr><tr><td><\/td><td>In\u00eas Figueiredo, Bernardo Marques, S\u00e9rgio Oliveira, Bianca Guerreiro, Samuel Silva, Paula Amorim, Tiago Ara\u00fajo, Liliana Costa, Carlos Ferreira, Paulo Dias, and<br>Beatriz Sousa Santos<\/td><\/tr><tr><td>13:50<\/td><td><em><strong>[F] On the Benefits of Teaching and Learning Symmetries using AR and VR<\/strong><\/em><\/td><\/tr><tr><td><\/td><td>Jo\u00e3o Guerreiro, Miguel Dias, Jos\u00e9 Barros, Ros\u00e1rio Laureano, and Patricia Costa<\/td><\/tr><tr><td>14:10<\/td><td><em><strong>[S] Digital Avatars: Developing and Applying Customised MetaHumans<\/strong><\/em><\/td><\/tr><tr><td><\/td><td>Carolina Pereira, Anabela Marto, Roberto Ribeiro, Alexandrino Gon\u00e7alves, and Nuno Rodrigues<\/td><\/tr><tr><td>14:25<\/td><td><strong><em>[F] Using Pervasive Augmented Reality for Shop Floor Inspection Routines<\/em><\/strong><\/td><\/tr><tr><td><\/td><td>Paulo Dias, \u00c1lvaro Freixo, Bernardo Marques, Tiago Ara\u00fajo, and Beatriz Sousa Santos<\/td><\/tr><tr><td>14:45<\/td><td><strong><em>[J] The Vividness of Mental Imagery in Virtual Reality: A Study on Multisensory Experiences in Virtual Tourism<\/em><\/strong><\/td><\/tr><tr><td><\/td><td>Mariana Magalh\u00e3es, Miguel Melo, Ant\u00f3nio Coelho, and Maximino Bessa<\/td><\/tr><\/tbody><\/table><\/figure>\n\n\n\n<div style=\"height:20px\" aria-hidden=\"true\" class=\"wp-block-spacer\"><\/div>\n<\/div>\n\n\n\n<div class=\"wp-block-group alignwide has-global-padding is-layout-constrained wp-block-group-is-layout-constrained\">\n<figure class=\"wp-block-table alignwide has-small-font-size\"><table class=\"has-contrast-color has-text-color has-link-color has-fixed-layout\" style=\"border-style:none;border-width:0px\"><tbody><tr><td width=\"50\">15:05<\/td><td>Awards and Closing Session<\/td><\/tr><\/tbody><\/table><\/figure>\n\n\n\n<div style=\"height:20px\" aria-hidden=\"true\" class=\"wp-block-spacer\"><\/div>\n<\/div>\n<\/div>\n\n\n\n<div class=\"wp-block-group alignfull has-contrast-color has-text-color has-link-color wp-elements-4edbdef7042e18b351d53b4f90a23ab5 has-global-padding is-layout-constrained wp-block-group-is-layout-constrained\" style=\"padding-top:0;padding-bottom:0\">\n<h2 class=\"wp-block-heading alignwide has-contrast-color has-text-color has-link-color has-large-font-size wp-elements-a3f70e8e37ab6c8ae339580e8bf23e7e\">Posters<\/h2>\n\n\n\n<div style=\"height:20px\" aria-hidden=\"true\" class=\"wp-block-spacer\"><\/div>\n\n\n\n<div class=\"wp-block-group alignfull has-global-padding is-content-justification-left is-layout-constrained wp-container-core-group-is-layout-20 wp-block-group-is-layout-constrained\">\n<p class=\"has-text-align-left has-small-font-size\"><strong>A Semester-Long Assessment of Immersive Virtual Reality in an EFL Listening Context<\/strong><\/p>\n\n\n\n<p class=\"has-text-align-left has-small-font-size\">Bruno Peixoto, Luciana Cabral Pereira Bessa, Guilherme Gon\u00e7alves, Maximino Bessa and Miguel Melo<\/p>\n\n\n\n<div style=\"height:20px\" aria-hidden=\"true\" class=\"wp-block-spacer\"><\/div>\n\n\n\n<p class=\"has-small-font-size\"><strong>Cognitive Model For User Attention in Virtual Reality Experiences<\/strong><\/p>\n\n\n\n<p class=\"has-small-font-size\">Teresa Matos, Daniel Mendes, Jo\u00e3o Jacob, Rosaldo Rossetti and Rui Rodrigues<\/p>\n\n\n\n<div style=\"height:20px\" aria-hidden=\"true\" class=\"wp-block-spacer\"><\/div>\n\n\n\n<p class=\"has-small-font-size\"><strong>Contextualizing Data with ProxSituated Virtual Environments: From Flood Risk to Dam Monitoring<\/strong> [Best Poster Award]<\/p>\n\n\n\n<p class=\"has-small-font-size\">Nuno Verdelho Trindade, Tom\u00e1s Pinto, Tom\u00e1s Soares, S\u00e9rgio Oliveira, Daniel Gon\u00e7alves and Alfredo Ferreira<\/p>\n\n\n\n<div style=\"height:20px\" aria-hidden=\"true\" class=\"wp-block-spacer\"><\/div>\n\n\n\n<p class=\"has-small-font-size\"><strong>Immersive Virtual Reality for Acrophobia: An Exposure Therapy Application<\/strong><\/p>\n\n\n\n<p class=\"has-small-font-size\">Catarina Vieira, Hugo Santos, Marta Abreu, Raquel Sim\u00f5es de Almeida, Bruno Teixeira and V\u00edtor S\u00e1<\/p>\n\n\n\n<div style=\"height:20px\" aria-hidden=\"true\" class=\"wp-block-spacer\"><\/div>\n\n\n\n<p class=\"has-small-font-size\"><strong>Immersive Virtual Reality for Motor Rehabilitation: a Gamified Therapeutic System<\/strong><\/p>\n\n\n\n<p class=\"has-small-font-size\">Andr\u00e9 Pereira, Mariana Azevedo, Regina Paredes, Raquel Sim\u00f5es de Almeida, Bruno Teixeira and V\u00edtor S\u00e1<\/p>\n\n\n\n<div style=\"height:20px\" aria-hidden=\"true\" class=\"wp-block-spacer\"><\/div>\n\n\n\n<p class=\"has-small-font-size\"><strong>SeePort: A Dashboard for Seaport Data Exploration<\/strong><\/p>\n\n\n\n<p class=\"has-small-font-size\">Afonso Campos, Tiago Ara\u00fajo and Beatriz Santos<\/p>\n\n\n\n<div style=\"height:20px\" aria-hidden=\"true\" class=\"wp-block-spacer\"><\/div>\n\n\n\n<p class=\"has-small-font-size\"><strong>Towards Off-the-Shelf PlasmaVR: Simplifying Interactive Visualisation of Plasma Simulations<\/strong><\/p>\n\n\n\n<p class=\"has-small-font-size\">Sofia Pinho, Nuno Verdelho Trindade, Alfredo Ferreira and Jo\u00e3o Madeiras Pereira<\/p>\n\n\n\n<div style=\"height:20px\" aria-hidden=\"true\" class=\"wp-block-spacer\"><\/div>\n\n\n\n<p class=\"has-small-font-size\"><strong>Tool Support for Cognitive Walkthroughs<\/strong><\/p>\n\n\n\n<p class=\"has-small-font-size\">Ricardo Lucena and Jos\u00e9 Creissac Campos<\/p>\n<\/div>\n\n\n\n<div style=\"height:20px\" aria-hidden=\"true\" class=\"wp-block-spacer\"><\/div>\n<\/div>\n<\/div>\n\n\n\n<div style=\"height:100px\" aria-hidden=\"true\" class=\"wp-block-spacer\"><\/div>\n<\/div><\/div>\n","protected":false},"excerpt":{"rendered":"","protected":false},"author":1,"featured_media":75,"parent":0,"menu_order":0,"comment_status":"closed","ping_status":"closed","template":"","meta":{"footnotes":""},"_links":{"self":[{"href":"https:\/\/gpcg.pt\/icgi2025\/wp-json\/wp\/v2\/pages\/110"}],"collection":[{"href":"https:\/\/gpcg.pt\/icgi2025\/wp-json\/wp\/v2\/pages"}],"about":[{"href":"https:\/\/gpcg.pt\/icgi2025\/wp-json\/wp\/v2\/types\/page"}],"author":[{"embeddable":true,"href":"https:\/\/gpcg.pt\/icgi2025\/wp-json\/wp\/v2\/users\/1"}],"replies":[{"embeddable":true,"href":"https:\/\/gpcg.pt\/icgi2025\/wp-json\/wp\/v2\/comments?post=110"}],"version-history":[{"count":24,"href":"https:\/\/gpcg.pt\/icgi2025\/wp-json\/wp\/v2\/pages\/110\/revisions"}],"predecessor-version":[{"id":560,"href":"https:\/\/gpcg.pt\/icgi2025\/wp-json\/wp\/v2\/pages\/110\/revisions\/560"}],"wp:featuredmedia":[{"embeddable":true,"href":"https:\/\/gpcg.pt\/icgi2025\/wp-json\/wp\/v2\/media\/75"}],"wp:attachment":[{"href":"https:\/\/gpcg.pt\/icgi2025\/wp-json\/wp\/v2\/media?parent=110"}],"curies":[{"name":"wp","href":"https:\/\/api.w.org\/{rel}","templated":true}]}}