{"id":18,"date":"2017-04-08T11:29:30","date_gmt":"2017-04-08T11:29:30","guid":{"rendered":"http:\/\/gpcg.pt\/website\/?page_id=18"},"modified":"2026-04-17T17:54:06","modified_gmt":"2026-04-17T17:54:06","slug":"contactos","status":"publish","type":"page","link":"https:\/\/gpcg.pt\/website\/en\/contactos\/","title":{"rendered":"Contacts"},"content":{"rendered":"<p>In case you want to reach us, you can refer to the following address:<\/p>\n<p>Grupo Portugu\u00eas Computa\u00e7\u00e3o Gr\u00e1fica<br \/>\nRua Dr. Roberto Frias, 378 (Campus FEUP)<br \/>\nEdif\u00edcio do INESC &#8211; Porto<br \/>\n4200-465 Porto<\/p>\n<p>You can also reach us through the e-mail geral@gpcg.pt or by using the contact form available in this page.<\/p>\n<p><div role=\"form\" class=\"wpcf7\" id=\"wpcf7-f17-o2\" lang=\"pt-PT\" dir=\"ltr\">\n<div class=\"screen-reader-response\"><\/div>\n<form action=\"\/website\/en\/wp-json\/wp\/v2\/pages\/18#wpcf7-f17-o2\" method=\"post\" class=\"wpcf7-form\" novalidate=\"novalidate\">\n<div style=\"display: none;\">\n<input type=\"hidden\" name=\"_wpcf7\" value=\"17\" \/>\n<input type=\"hidden\" name=\"_wpcf7_version\" value=\"4.7\" \/>\n<input type=\"hidden\" name=\"_wpcf7_locale\" value=\"pt_PT\" \/>\n<input type=\"hidden\" name=\"_wpcf7_unit_tag\" value=\"wpcf7-f17-o2\" \/>\n<input type=\"hidden\" name=\"_wpnonce\" value=\"4dac6d4c37\" \/>\n<\/div>\n<p>Your name (mandatory)<br \/>\n    <span class=\"wpcf7-form-control-wrap your-name\"><input type=\"text\" name=\"your-name\" value=\"\" size=\"40\" class=\"wpcf7-form-control wpcf7-text wpcf7-validates-as-required\" aria-required=\"true\" aria-invalid=\"false\" \/><\/span> <\/p>\n<p>Your e-mail (mandatory)<br \/>\n    <span class=\"wpcf7-form-control-wrap your-email\"><input type=\"email\" name=\"your-email\" value=\"\" size=\"40\" class=\"wpcf7-form-control wpcf7-text wpcf7-email wpcf7-validates-as-required wpcf7-validates-as-email\" aria-required=\"true\" aria-invalid=\"false\" \/><\/span> <\/p>\n<p>Subject<br \/>\n    <span class=\"wpcf7-form-control-wrap your-subject\"><input type=\"text\" name=\"your-subject\" value=\"\" size=\"40\" class=\"wpcf7-form-control wpcf7-text\" aria-invalid=\"false\" \/><\/span> <\/p>\n<p>Message<br \/>\n    <span class=\"wpcf7-form-control-wrap your-message\"><textarea name=\"your-message\" cols=\"40\" rows=\"10\" class=\"wpcf7-form-control wpcf7-textarea\" aria-invalid=\"false\"><\/textarea><\/span> <\/p>\n<p><input type=\"submit\" value=\"Send\" class=\"wpcf7-form-control wpcf7-submit\" \/><\/p>\n<div class=\"wpcf7-response-output wpcf7-display-none\"><\/div><\/form><\/div><div role=\"form\" class=\"wpcf7\" id=\"wpcf7-f17-o3\" lang=\"pt-PT\" dir=\"ltr\">\n<div class=\"screen-reader-response\"><\/div>\n<form action=\"\/website\/en\/wp-json\/wp\/v2\/pages\/18#wpcf7-f17-o3\" method=\"post\" class=\"wpcf7-form\" novalidate=\"novalidate\">\n<div style=\"display: none;\">\n<input type=\"hidden\" name=\"_wpcf7\" value=\"17\" \/>\n<input type=\"hidden\" name=\"_wpcf7_version\" value=\"4.7\" \/>\n<input type=\"hidden\" name=\"_wpcf7_locale\" value=\"pt_PT\" \/>\n<input type=\"hidden\" name=\"_wpcf7_unit_tag\" value=\"wpcf7-f17-o3\" \/>\n<input type=\"hidden\" name=\"_wpnonce\" value=\"4dac6d4c37\" \/>\n<\/div>\n<p>Your name (mandatory)<br \/>\n    <span class=\"wpcf7-form-control-wrap your-name\"><input type=\"text\" name=\"your-name\" value=\"\" size=\"40\" class=\"wpcf7-form-control wpcf7-text wpcf7-validates-as-required\" aria-required=\"true\" aria-invalid=\"false\" \/><\/span> <\/p>\n<p>Your e-mail (mandatory)<br \/>\n    <span class=\"wpcf7-form-control-wrap your-email\"><input type=\"email\" name=\"your-email\" value=\"\" size=\"40\" class=\"wpcf7-form-control wpcf7-text wpcf7-email wpcf7-validates-as-required wpcf7-validates-as-email\" aria-required=\"true\" aria-invalid=\"false\" \/><\/span> <\/p>\n<p>Subject<br \/>\n    <span class=\"wpcf7-form-control-wrap your-subject\"><input type=\"text\" name=\"your-subject\" value=\"\" size=\"40\" class=\"wpcf7-form-control wpcf7-text\" aria-invalid=\"false\" \/><\/span> <\/p>\n<p>Message<br \/>\n    <span class=\"wpcf7-form-control-wrap your-message\"><textarea name=\"your-message\" cols=\"40\" rows=\"10\" class=\"wpcf7-form-control wpcf7-textarea\" aria-invalid=\"false\"><\/textarea><\/span> <\/p>\n<p><input type=\"submit\" value=\"Send\" class=\"wpcf7-form-control wpcf7-submit\" \/><\/p>\n<div class=\"wpcf7-response-output wpcf7-display-none\"><\/div><\/form><\/div><\/p>","protected":false},"excerpt":{"rendered":"<p>In case you want to reach us, you can refer to the following address: Grupo Portugu\u00eas Computa\u00e7\u00e3o Gr\u00e1fica Rua Dr.<\/p>\n","protected":false},"author":3,"featured_media":0,"parent":0,"menu_order":0,"comment_status":"closed","ping_status":"closed","template":"","meta":[],"_links":{"self":[{"href":"https:\/\/gpcg.pt\/website\/en\/wp-json\/wp\/v2\/pages\/18"}],"collection":[{"href":"https:\/\/gpcg.pt\/website\/en\/wp-json\/wp\/v2\/pages"}],"about":[{"href":"https:\/\/gpcg.pt\/website\/en\/wp-json\/wp\/v2\/types\/page"}],"author":[{"embeddable":true,"href":"https:\/\/gpcg.pt\/website\/en\/wp-json\/wp\/v2\/users\/3"}],"replies":[{"embeddable":true,"href":"https:\/\/gpcg.pt\/website\/en\/wp-json\/wp\/v2\/comments?post=18"}],"version-history":[{"count":5,"href":"https:\/\/gpcg.pt\/website\/en\/wp-json\/wp\/v2\/pages\/18\/revisions"}],"predecessor-version":[{"id":720,"href":"https:\/\/gpcg.pt\/website\/en\/wp-json\/wp\/v2\/pages\/18\/revisions\/720"}],"wp:attachment":[{"href":"https:\/\/gpcg.pt\/website\/en\/wp-json\/wp\/v2\/media?parent=18"}],"curies":[{"name":"wp","href":"https:\/\/api.w.org\/{rel}","templated":true}]}}