{"id":14,"date":"2017-04-08T11:23:17","date_gmt":"2017-04-08T11:23:17","guid":{"rendered":"http:\/\/gpcg.pt\/website\/?page_id=14"},"modified":"2025-06-04T09:44:37","modified_gmt":"2025-06-04T09:44:37","slug":"orgaos-sociais","status":"publish","type":"page","link":"https:\/\/gpcg.pt\/website\/orgaos-sociais\/","title":{"rendered":"Org\u00e3os Sociais"},"content":{"rendered":"<p>A composi\u00e7\u00e3o dos Org\u00e3os Sociais resultante da \u00faltima Assembleia Geral s\u00e3o os seguintes:<\/p>\n<p><strong>Dire\u00e7\u00e3o:<\/strong><\/p>\n<p>Alexandrino Gon\u00e7alves, CIIC-ESTG-PLeiria&nbsp;(Presidente)<\/p>\n<p>Paula Silva, UC (Vice-Presidente)<\/p>\n<p>Alfredo Ferreira, IST\/UL (Tesoureiro)<\/p>\n<p><strong><br \/>\nMesa Assembleia Geral:&nbsp;<\/strong><\/p>\n<p>Joaquim Armando Pires Jorge, IST\/UL (Presidente)<\/p>\n<p>Ant\u00f3nio Coelho, FEUP (Secretary)<\/p>\n<p><strong><br \/>\nConselho Fiscal:<\/strong><\/p>\n<p>Paulo Dias, UA (Presidente)<\/p>\n<p>Jos\u00e9 Creissac Campos, UM (Membro)<\/p>\n<p>Miguel Melo, UTAD (Membro)<\/p>\n<p><\/p>","protected":false},"excerpt":{"rendered":"<p>A composi\u00e7\u00e3o dos Org\u00e3os Sociais resultante da \u00faltima Assembleia Geral s\u00e3o os seguintes: Dire\u00e7\u00e3o: Alexandrino Gon\u00e7alves, CIIC-ESTG-PLeiria&nbsp;(Presidente) Paula Silva, UC<\/p>\n","protected":false},"author":3,"featured_media":0,"parent":0,"menu_order":0,"comment_status":"closed","ping_status":"closed","template":"","meta":[],"_links":{"self":[{"href":"https:\/\/gpcg.pt\/website\/wp-json\/wp\/v2\/pages\/14"}],"collection":[{"href":"https:\/\/gpcg.pt\/website\/wp-json\/wp\/v2\/pages"}],"about":[{"href":"https:\/\/gpcg.pt\/website\/wp-json\/wp\/v2\/types\/page"}],"author":[{"embeddable":true,"href":"https:\/\/gpcg.pt\/website\/wp-json\/wp\/v2\/users\/3"}],"replies":[{"embeddable":true,"href":"https:\/\/gpcg.pt\/website\/wp-json\/wp\/v2\/comments?post=14"}],"version-history":[{"count":23,"href":"https:\/\/gpcg.pt\/website\/wp-json\/wp\/v2\/pages\/14\/revisions"}],"predecessor-version":[{"id":629,"href":"https:\/\/gpcg.pt\/website\/wp-json\/wp\/v2\/pages\/14\/revisions\/629"}],"wp:attachment":[{"href":"https:\/\/gpcg.pt\/website\/wp-json\/wp\/v2\/media?parent=14"}],"curies":[{"name":"wp","href":"https:\/\/api.w.org\/{rel}","templated":true}]}}