{"id":25,"date":"2017-04-08T11:39:07","date_gmt":"2017-04-08T11:39:07","guid":{"rendered":"http:\/\/gpcg.pt\/website\/?page_id=25"},"modified":"2026-04-17T17:52:54","modified_gmt":"2026-04-17T17:52:54","slug":"premio-prof-j-l-encarnacao","status":"publish","type":"page","link":"https:\/\/gpcg.pt\/website\/premio-prof-j-l-encarnacao\/","title":{"rendered":"Pr\u00e9mio Encarna\u00e7\u00e3o"},"content":{"rendered":"<p>O Grupo Portugue\u0302s de Computac\u0327a\u0303o Gra\u0301fica e Intera\u00e7\u00e3o inclui nos seus propo\u0301sitos o fomento da investigac\u0327a\u0303o de qualidade na a\u0301rea da Computac\u0327a\u0303o Gra\u0301fica, Intera\u00e7\u00e3o e suas Aplicac\u0327o\u0303es, em particular desenvolver nos estudantes portugueses o gosto e a motivac\u0327a\u0303o para que desenvolvam atividades de investigac\u0327a\u0303o nesta a\u0301rea cienti\u0301fica.<\/p>\n<p>Neste sentido decidiu o GPCGI estabelecer o pre\u0301mio anual \u201cProfessor Jose\u0301 Lui\u0301s Encarnac\u0327a\u0303o\u201d, com o objectivo de incentivar estudantes do ensino superior a realizar atividades de investigac\u0327a\u0303o de excele\u0302ncia na a\u0301rea da Computac\u0327a\u0303o Gra\u0301fica, Intera\u00e7\u00e3o e suas Aplicac\u0327o\u0303es, avalia\u0301vel atrave\u0301s da publicac\u0327a\u0303o de resultados em confere\u0302ncias ou revistas de elevado presti\u0301gio e impacto internacionais. Este pre\u0301mio e\u0301 dirigido portanto a estudantes de nacionalidade portuguesa de qualquer ciclo do Ensino Superior que demonstrem ter publicado (e apresentado, no caso de uma confere\u0302ncia) um artigo completo (full paper) num fo\u0301rum de excele\u0302ncia.<\/p>\n<p><a href=\"https:\/\/gpcg.pt\/website\/wp-content\/uploads\/2021\/06\/Regulamento_PremioJLE.pdf\">Regulamento<\/a><\/p>\n<h1><strong><br \/>\nEdi\u00e7\u00e3o 2026<\/strong><\/h1>\n<p><strong>J\u00fari<\/strong>:<br \/>\nProfessor Jos\u00e9 Lu\u00eds Encarna\u00e7\u00e3o<br \/>\nProfessor A. Augusto de Sousa, FEUP<br \/>\nProfessor Jos\u00e9 Creissac Campos, UMinho<br \/>\nProfessor Miguel Melo, UTAD<br \/>\nProfessora Paula Alexandra Silva, UC<\/p>\n<p><a href=\"https:\/\/gpcg.pt\/website\/wp-content\/uploads\/2026\/03\/PremioJLE_Edital_2026.pdf\"><span style=\"text-decoration: underline;\">Edital<\/span><\/a><\/p>\n<p><a href=\"https:\/\/tinyurl.com\/PremioJLE\"><span style=\"text-decoration: underline;\">Formul\u00e1rio de submiss\u00e3o<\/span><\/a><\/p>\n<h2><strong><br \/>\nHistorial do pr\u00e9mio \u201cProfessor Jos\u00e9 Lu\u00eds Encarna\u00e7\u00e3o\u201d:<\/strong><\/h2>\n<p><strong>Edi\u00e7\u00e3o 2025<\/strong><\/p>\n<p>J\u00fari:<br \/>\nProfessor Jos\u00e9 Lu\u00eds Encarna\u00e7\u00e3o<br \/>\nProfessor Paulo Dias (UA)<br \/>\nProfessor Ant\u00f3nio Coelho (FEUP)<br \/>\nProfessora Anabela Marto (CIIC\/IPLeiria)<br \/>\nProfessor Joaquim Madeira (UA)<\/p>\n<p>Vencedora: Ana Rita Rebelo<\/p>\n<p>&#8220;<i>Techniques for Multiple Room Connection in Virtual Reality: Walking Within Small Physical Spaces,&#8221;<\/i>,<em> in <\/em>IEEE Transactions on Visualization and Computer Graphics, vol. 31, no. 5, pp. 2310-2319, May 2025, doi: <a href=\"http:\/\/doi.org\/10.1109\/TVCG.2025.3549895\">10.1109\/TVCG.2025.3549895<\/a>. A. R. Rebelo, P. A. Ferreira and R. N\u00f3brega<\/p>\n<p><strong>Edi\u00e7\u00e3o 2024<\/strong><\/p>\n<p>J\u00fari:<br \/>\nProfessor Jos\u00e9 Lu\u00eds Encarna\u00e7\u00e3o<br \/>\nProfessora Paula Alexandra Silva<br \/>\nProfessor Daniel Gon\u00e7alves<br \/>\nProfessora Cristina Silva<br \/>\nProfessor Rui Rodrigues<\/p>\n<p>Vencedor: <span id=\"gmail-docs-internal-guid-dc40835c-7fff-ad16-57ea-62156ad6ea8a\">Diogo Almeida<\/span><\/p>\n<p>&#8220;<span id=\"gmail-docs-internal-guid-dc40835c-7fff-ad16-57ea-62156ad6ea8a\">SIT6: Indirect touch-based object manipulation for DeskVR<\/span>&#8220;, in Computer\u00a0 and Graphics, doi: <a href=\"https:\/\/doi.org\/10.1016\/j.cag.2023.10.013\">10.1016\/j.cag.2023.10.013<\/a>. Diogo Almeida, Daniel Mendes e Rui Rodrigues.<\/p>\n<p><strong>Edi\u00e7\u00e3o 2023<\/strong><\/p>\n<p>J\u00fari:<br \/>\nProfessor Jos\u00e9 Lu\u00eds Encarna\u00e7\u00e3o<br \/>\nProfessor Alfredo Ferreira<br \/>\nProfessora Beatriz Sousa Santos<br \/>\nProfessor Miguel Sales Dias<br \/>\nProfessor Frutuoso Silva<\/p>\n<p>Vencedor: David Narciso<\/p>\n<p>&#8220;Studying the Influence of Multisensory Stimuli on a Firefighting Training Virtual Environment,&#8221; in IEEE Transactions on Visualization and Computer Graphics, doi: 10.1109\/TVCG.2023.3251188. D. Narciso, M. Melo, S. Rodrigues, J. P. Cunha, J. Vasconcelos-Raposo and M. Bessa.<\/p>\n<p><strong>Edi\u00e7\u00e3o 2022<\/strong><\/p>\n<p>J\u00fari:<br \/>\nProfessor Jos\u00e9 Lu\u00eds Encarna\u00e7\u00e3o<br \/>\nProfessor Daniel Gon\u00e7alves<br \/>\nProfessora Beatriz Carmo<br \/>\nProfessor Daniel Mendes<br \/>\nProfessor Lu\u00eds Paulo Santos<\/p>\n<p>Vencedor: Bernardo Marques<\/p>\n<p>&#8220;A Conceptual Model and Taxonomy for Collaborative Augmented Reality&#8221;, in IEEE Transactions on Visualization and Computer Graphics, vol. 28, no. 12, pp. 5113-5133, 1 Dec. 2022, doi: 10.1109\/TVCG.2021.3101545. B. Marques, S. Silva, J. Alves, T. Ara\u00fajo, P. Dias and B. S. Santos.<\/p>\n<p><strong>Edi\u00e7\u00e3o 2021<\/strong><\/p>\n<p>J\u00fari:<br \/>\nProfessor Jose\u0301 Lui\u0301s Encarnac\u0327a\u0303o<br \/>\nProfessor Alexandrino Gon\u00e7alves<br \/>\nProfessor Hugo Nicolau<br \/>\nProfessor Lu\u00eds Magalh\u00e3es<br \/>\nProfessor Paulo Menezes<\/p>\n<p>Vencedor: Pedro Monteiro<\/p>\n<p>&#8220;Hands-free interaction in immersive virtual reality: A systematic review,&#8221;. P. Monteiro, G. Gon\u00e7alves, H. Coelho, M. Melo and M. Bessa. IEEE Transactions on Visualization and Computer Graphics, vol. 27, no. 5, pp. 2702-2713, May 2021, doi: 10.1109\/TVCG.2021.3067687<\/p>\n<p><strong>Edi\u00e7\u00e3o 2020<\/strong><\/p>\n<p>J\u00fari:<br \/>\nProfessor Jose\u0301 Lui\u0301s Encarnac\u0327a\u0303o<br \/>\nProfessor\u00a0Daniel Gon\u00e7alves<br \/>\nProfessor\u00a0Manuel Jo\u00e3o Fonseca<br \/>\nProfessor\u00a0Miguel Melo<br \/>\nProfessor Nuno Rodrigues<\/p>\n<p>Vencedor:\u00a0Daniel Medeiros<\/p>\n<p>&#8220;Magic Carpet: Interaction Fidelity for Flying in VR&#8221;, Daniel Medeiros, Maur\u00edcio Sousa, Alberto Raposo, Joaquim Jorge.\u00a0\u00a0<i>IEEE Transactions on Visualization and Computer Graphics<\/i>, 2019<\/p>\n<p><strong>Edi\u00e7\u00e3o 2019<\/strong><\/p>\n<p>J\u00fari:<br \/>\nProfessor Jose\u0301 Lui\u0301s Encarnac\u0327a\u0303o<br \/>\nProfessor Ant\u00f3nio Coelho<br \/>\nProfessor Alexandrino Gon\u00e7alves<br \/>\nProfessor Maximino Bessa<br \/>\nProfessora Paula Silva<\/p>\n<p>Vencedor:\u00a0Guilherme Gon\u00e7alves<\/p>\n<p>&#8220;Impact of different sensory stimuli on presence in credible virtual environments&#8221;,\u00a0Guilherme Gon\u00e7alves, Miguel Melo, Jos\u00e9 Vasconcelos-Raposo,\u00a0Maximino Bessa, IEEE transactions on visualization and computer graphics., 2019.<\/p>\n<p><strong>Edi\u00e7\u00e3o 2018<\/strong><\/p>\n<p>J\u00fari:<br \/>\nProfessor Jose\u0301 Lui\u0301s Encarnac\u0327a\u0303o<br \/>\nProfessora Ana Paula Cl\u00e1udio<br \/>\nProfessor Jos\u00e9 Creissac Campos<br \/>\nProfessor Maximino Bessa<br \/>\nProfessor Rui Rodrigues<\/p>\n<p>Vencedor: Daniel Mendes<\/p>\n<p>&#8220;A Survey on 3D Virtual Object Manipulation: From the Desktop to Immersive Virtual Environments&#8221;, Daniel Mendes, F\u00e1bio Marco Caputo, Andrea Giachetti, Alfredo Ferreira, Joaquim Jorge. Computer Graphics Forum, 2018.<\/p>\n<p><strong>Edi\u00e7\u00e3o 2017<\/strong><\/p>\n<p>J\u00fari:<br \/>\nProfessor Jose\u0301 Lui\u0301s Encarnac\u0327a\u0303o<br \/>\nProfessor Daniel Gonc\u0327alves<br \/>\nProfessora Beatriz Carmo<br \/>\nProfessor Abel Gomes<br \/>\nProfessor Joa\u0303o Madeiras Pereira<\/p>\n<p>Vencedor: Jo\u00e3o Barreira<\/p>\n<p>&#8220;A Context-Aware Method for Authentically Simulating Outdoors Shadows for Mobile Augmented Reality&#8221;,<br \/>\nJo\u00e3o Barreira, Maximino Bessa, Lu\u00eds Barbosa e Lu\u00eds Magalh\u00e3es.<br \/>\nIEEE Transactions on Visualization and Computer Graphics, Volume 24 (3), March 1, 2018.<\/p>\n<p><strong>Edi\u00e7\u00e3o 2016<\/strong><\/p>\n<p>J\u00fari:<br \/>\nProfessor Jos\u00e9 Lu\u00eds Encarna\u00e7\u00e3o<br \/>\nProfessor Ant\u00f3nio Augusto de Sousa<br \/>\nProfessor Alfredo Ferreira<br \/>\nProfessor Paulo Dias<br \/>\nProfessor Pedro Moreira<\/p>\n<p>Vencedor: Vasco Alexandre da Silva Costa<\/p>\n<p>&#8220;Accelerating Occlusion Rendering on a GPU via Ray Classification&#8221;,<br \/>\nVasco Alexandre da Silva Costa, Jo\u00e3o Madeiras Pereira, Joaquim A. Jorge;<br \/>\nInternational Journal of Creative Interfaces and Computer Graphics, 6(2), 1-17<br \/>\nJuly-December 2015<br \/>\nDOI: 10.4018\/IJCICG.2015070101<\/p>\n<p><strong>Edi\u00e7\u00e3o 2015<\/strong><\/p>\n<p>J\u00fari:<br \/>\nProfessor Jos\u00e9 Lu\u00eds Encarna\u00e7\u00e3o<br \/>\nProfessor Lu\u00eds Paulo Santos<br \/>\nProfessor Maximino Bessa<br \/>\nProfessor Joaquim Madeira<br \/>\nProfessor Ant\u00f3nio Coelho<\/p>\n<p>Vencedor: Miguel \u00c2ngelo Correia de Melo, UTAD<\/p>\n<p>&#8220;Evaluation of Tone-Mapping Operators for HDR Video Under Different Ambient Luminance Levels&#8221;<br \/>\nMiguel Melo, Maximino Bessa, Kurt Debattista e Alan Chalmers<br \/>\nComputers Graphics Forum<br \/>\nhttp:\/\/onlinelibrary.wiley.com\/doi\/10.1111\/cgf.12606\/abstract<br \/>\nMay, 2015<\/p>\n<p><strong>Edi\u00e7\u00e3o 2014<\/strong><\/p>\n<p>J\u00fari:<br \/>\nProfessor Jos\u00e9 Lu\u00eds Encarna\u00e7\u00e3o<br \/>\nProfessor Ant\u00f3nio Augusto de Sousa<br \/>\nProfessor Lu\u00eds Magalh\u00e3es<br \/>\nProfessor Frutuoso Silva<br \/>\nProfessor Manuel Jo\u00e3o Fonseca<\/p>\n<p>Vencedor: Ricardo Marques, Universidade do Minho<\/p>\n<p>\u201cA Spherical Gaussian Framework for Bayesian Monte Carlo Rendering of Glossy Surfaces\u201d<br \/>\nMarques, Ricardo; Bouville, Christian; Ribardi\u00e9re, Mickael; Santos, Lu\u00eds Paulo, Bouatouch, Kadi; , IEEE Transactions on Visualization and Computer Graphics, vol. 19 (10), pp. 1619-1632, October 2013<\/p>\n<p>http:\/\/dx.doi.org\/10.1109\/TVCG.2013.79<\/p>\n<p><strong>Edi\u00e7\u00e3o 2013<\/strong><\/p>\n<p>J\u00fari:<br \/>\nProfessor Jos\u00e9 Lu\u00eds Encarna\u00e7\u00e3o<br \/>\nProfessor Lu\u00eds Paulo Santos<br \/>\nProfessora Beatriz Sousa Santos<br \/>\nProfessor Mauro Figueiredo<br \/>\nProfessor Nuno correia<\/p>\n<p>Vencedor: Nuno Silva, Universidade do Minho<\/p>\n<p>&#8220;Interactive High Fidelity Visualization of Complex Materials on the GPU&#8221;<br \/>\nNuno Silva e Lu\u00eds Paulo Santos<br \/>\nComputers &amp; Graphics, vol. 37(7)<br \/>\nNovember, 2013<br \/>\nhttp:\/\/dx.doi.org\/10.1016\/j.cag.2013.06.006<\/p>\n<p><strong>Edi\u00e7\u00e3o 2012<\/strong><\/p>\n<p>J\u00fari:<br \/>\nProfessor Jos\u00e9 Lu\u00eds Encarna\u00e7\u00e3o<br \/>\nProfessor Ad\u00e9rito Marcos<br \/>\nProfessor Ant\u00f3nio Augusto de Sousa<br \/>\nProfessor Jo\u00e3o Madeiras Pereira<br \/>\nProfessor Jos\u00e9 Bulas Cruz<\/p>\n<p>Vencedor: Samuel de Sousa Silva<\/p>\n<p>&#8220;Exploring Different Parameters to Assess Left Ventricle Global and Regional Functional Analysisfrom Coronary CT Angiography&#8221;<br \/>\nSamuel de Sousa Silva, Beatriz Sousa Santos e Joaquim Madeira,<br \/>\nComputer Graphics Forum, vol. 31(1)<br \/>\nFebruary, 2012<\/p>\n<p>http:\/\/dx.doi.org\/10.1111\/j.1467-8659.2012.02090.x<\/p>\n<p><strong>Edi\u00e7\u00e3o 2010<\/strong><\/p>\n<p>J\u00fari:<br \/>\nProfessor Jos\u00e9 Lu\u00eds Encarna\u00e7\u00e3o<br \/>\nProfessor Nunes Ferreira<br \/>\nProfessor Ad\u00e9rito Marcos<br \/>\nProfessor Pr\u00f3spero dos Santos<br \/>\nProfessor Joaquim Jorge<\/p>\n<p>Vencedor: Tiago Guerreiro<\/p>\n<p>&#8220;NavTap: a Long Term Study with Excluded Blind Users&#8221;<br \/>\nTiago Guerreiro, Hugo Nicolau ,Joaquim Jorge e Daniel Gon\u00e7alves<br \/>\n11th International ACM SIGACCESS Conference on Computers and Accessibility (ACM ASSETS)<br \/>\n2009<br \/>\nhttp:\/\/doi.acm.org\/10.1145\/1639642.1639661<\/p>\n<p><\/p>","protected":false},"excerpt":{"rendered":"<p>O Grupo Portugue\u0302s de Computac\u0327a\u0303o Gra\u0301fica e Intera\u00e7\u00e3o inclui nos seus propo\u0301sitos o fomento da investigac\u0327a\u0303o de qualidade na a\u0301rea<\/p>\n","protected":false},"author":3,"featured_media":0,"parent":0,"menu_order":0,"comment_status":"closed","ping_status":"closed","template":"","meta":[],"_links":{"self":[{"href":"https:\/\/gpcg.pt\/website\/wp-json\/wp\/v2\/pages\/25"}],"collection":[{"href":"https:\/\/gpcg.pt\/website\/wp-json\/wp\/v2\/pages"}],"about":[{"href":"https:\/\/gpcg.pt\/website\/wp-json\/wp\/v2\/types\/page"}],"author":[{"embeddable":true,"href":"https:\/\/gpcg.pt\/website\/wp-json\/wp\/v2\/users\/3"}],"replies":[{"embeddable":true,"href":"https:\/\/gpcg.pt\/website\/wp-json\/wp\/v2\/comments?post=25"}],"version-history":[{"count":116,"href":"https:\/\/gpcg.pt\/website\/wp-json\/wp\/v2\/pages\/25\/revisions"}],"predecessor-version":[{"id":719,"href":"https:\/\/gpcg.pt\/website\/wp-json\/wp\/v2\/pages\/25\/revisions\/719"}],"wp:attachment":[{"href":"https:\/\/gpcg.pt\/website\/wp-json\/wp\/v2\/media?parent=25"}],"curies":[{"name":"wp","href":"https:\/\/api.w.org\/{rel}","templated":true}]}}