{"id":47,"date":"2017-04-11T10:30:59","date_gmt":"2017-04-11T10:30:59","guid":{"rendered":"http:\/\/gpcg.pt\/website\/?page_id=47"},"modified":"2019-08-01T10:10:00","modified_gmt":"2019-08-01T10:10:00","slug":"formulario-submissao","status":"publish","type":"page","link":"https:\/\/gpcg.pt\/website\/formulario-submissao\/","title":{"rendered":"Formul\u00e1rio Submiss\u00e3o"},"content":{"rendered":"<p>O formul\u00e1rio de submiss\u00e3o pode ser descarregado <a href=\"https:\/\/gpcg.pt\/website\/wp-content\/uploads\/2019\/08\/PremioJLE_Formulario2019.pdf\">aqui<\/a>.<\/p>","protected":false},"excerpt":{"rendered":"<p>O formul\u00e1rio de submiss\u00e3o pode ser descarregado aqui.<\/p>\n","protected":false},"author":1,"featured_media":0,"parent":0,"menu_order":0,"comment_status":"closed","ping_status":"closed","template":"","meta":[],"_links":{"self":[{"href":"https:\/\/gpcg.pt\/website\/wp-json\/wp\/v2\/pages\/47"}],"collection":[{"href":"https:\/\/gpcg.pt\/website\/wp-json\/wp\/v2\/pages"}],"about":[{"href":"https:\/\/gpcg.pt\/website\/wp-json\/wp\/v2\/types\/page"}],"author":[{"embeddable":true,"href":"https:\/\/gpcg.pt\/website\/wp-json\/wp\/v2\/users\/1"}],"replies":[{"embeddable":true,"href":"https:\/\/gpcg.pt\/website\/wp-json\/wp\/v2\/comments?post=47"}],"version-history":[{"count":6,"href":"https:\/\/gpcg.pt\/website\/wp-json\/wp\/v2\/pages\/47\/revisions"}],"predecessor-version":[{"id":295,"href":"https:\/\/gpcg.pt\/website\/wp-json\/wp\/v2\/pages\/47\/revisions\/295"}],"wp:attachment":[{"href":"https:\/\/gpcg.pt\/website\/wp-json\/wp\/v2\/media?parent=47"}],"curies":[{"name":"wp","href":"https:\/\/api.w.org\/{rel}","templated":true}]}}