{"id":7,"date":"2017-04-08T11:12:42","date_gmt":"2017-04-08T11:12:42","guid":{"rendered":"http:\/\/gpcg.pt\/website\/?page_id=7"},"modified":"2017-04-12T10:55:55","modified_gmt":"2017-04-12T10:55:55","slug":"sobre-nos","status":"publish","type":"page","link":"https:\/\/gpcg.pt\/website\/sobre-nos\/","title":{"rendered":"Sobre N\u00f3s"},"content":{"rendered":"<p>O GPCG pretende reunir membros da Portugueses da Associa\u00e7\u00e3o EUROGRAPHICS. O seu principal objectivo \u00e9 promover a difus\u00e3o da Computa\u00e7\u00e3o Gr\u00e1fica em Portugal, em Investiga\u00e7\u00e3o e Desenvolvimento e Educa\u00e7\u00e3o. Entre as suas principais atividades, est\u00e1 a realiza\u00e7\u00e3o de um encontro regular do Portugu\u00eas em Computa\u00e7\u00e3o Gr\u00e1fica e de v\u00e1rias oficinas tem\u00e1ticas. O GPCG tem conex\u00f5es com v\u00e1rios grupos de R&amp;D.<\/p>","protected":false},"excerpt":{"rendered":"<p>O GPCG pretende reunir membros da Portugueses da Associa\u00e7\u00e3o EUROGRAPHICS. O seu principal objectivo \u00e9 promover a difus\u00e3o da Computa\u00e7\u00e3o<\/p>\n","protected":false},"author":3,"featured_media":0,"parent":0,"menu_order":0,"comment_status":"closed","ping_status":"closed","template":"","meta":[],"_links":{"self":[{"href":"https:\/\/gpcg.pt\/website\/wp-json\/wp\/v2\/pages\/7"}],"collection":[{"href":"https:\/\/gpcg.pt\/website\/wp-json\/wp\/v2\/pages"}],"about":[{"href":"https:\/\/gpcg.pt\/website\/wp-json\/wp\/v2\/types\/page"}],"author":[{"embeddable":true,"href":"https:\/\/gpcg.pt\/website\/wp-json\/wp\/v2\/users\/3"}],"replies":[{"embeddable":true,"href":"https:\/\/gpcg.pt\/website\/wp-json\/wp\/v2\/comments?post=7"}],"version-history":[{"count":3,"href":"https:\/\/gpcg.pt\/website\/wp-json\/wp\/v2\/pages\/7\/revisions"}],"predecessor-version":[{"id":140,"href":"https:\/\/gpcg.pt\/website\/wp-json\/wp\/v2\/pages\/7\/revisions\/140"}],"wp:attachment":[{"href":"https:\/\/gpcg.pt\/website\/wp-json\/wp\/v2\/media?parent=7"}],"curies":[{"name":"wp","href":"https:\/\/api.w.org\/{rel}","templated":true}]}}